{"id":2188,"date":"2023-02-18T18:54:49","date_gmt":"2023-02-18T18:54:49","guid":{"rendered":"https:\/\/creaheadsthemes.com\/demo\/panric\/panric-light\/?page_id=2188"},"modified":"2025-04-24T10:57:22","modified_gmt":"2025-04-24T08:57:22","slug":"contact-us","status":"publish","type":"page","link":"https:\/\/bazilikabudapest.hu\/en\/contact-us\/","title":{"rendered":"Contact"},"content":{"rendered":"<div data-elementor-type=\"wp-page\" data-elementor-id=\"2188\" class=\"elementor elementor-2188\">\n\t\t\t\t<div class=\"elementor-element elementor-element-c6af804 e-flex e-con-boxed e-con e-parent\" data-id=\"c6af804\" data-element_type=\"container\" data-e-type=\"container\">\n\t\t\t\t\t<div class=\"e-con-inner\">\n\t\t<div class=\"elementor-element elementor-element-3d51758 e-con-full e-flex e-con e-child\" data-id=\"3d51758\" data-element_type=\"container\" data-e-type=\"container\">\n\t\t\t\t<div class=\"elementor-element elementor-element-88ce208 elementor-widget elementor-widget-panric-heading-widget\" data-id=\"88ce208\" data-element_type=\"widget\" data-e-type=\"widget\" data-widget_type=\"panric-heading-widget.default\">\n\t\t\t\t<div class=\"elementor-widget-container\">\n\t\t\t\t\t<div class=\"ric-module-title ric-style-1 ric-align-left ric-light\"><div class=\"ric-sub-title\"><span>Contact us with confidence<\/span><\/div><div class=\"ric-title\">Contact<\/div><\/div>\t\t\t\t<\/div>\n\t\t\t\t<\/div>\n\t\t\t\t<div class=\"elementor-element elementor-element-0c579a7 elementor-icon-list--layout-traditional elementor-list-item-link-full_width elementor-widget elementor-widget-icon-list\" data-id=\"0c579a7\" data-element_type=\"widget\" data-e-type=\"widget\" data-widget_type=\"icon-list.default\">\n\t\t\t\t<div class=\"elementor-widget-container\">\n\t\t\t\t\t\t\t<ul class=\"elementor-icon-list-items\">\n\t\t\t\t\t\t\t<li class=\"elementor-icon-list-item\">\n\t\t\t\t\t\t\t\t\t\t\t<span class=\"elementor-icon-list-icon\">\n\t\t\t\t\t\t\t<i aria-hidden=\"true\" class=\"fas fa-map-marker-alt\"><\/i>\t\t\t\t\t\t<\/span>\n\t\t\t\t\t\t\t\t\t\t<span class=\"elementor-icon-list-text\">Budapest, Szent Istv\u00e1n t\u00e9r 1, 1051<\/span>\n\t\t\t\t\t\t\t\t\t<\/li>\n\t\t\t\t\t\t\t\t<li class=\"elementor-icon-list-item\">\n\t\t\t\t\t\t\t\t\t\t\t<a href=\"tel:0613110839\">\n\n\t\t\t\t\t\t\t\t\t\t\t\t<span class=\"elementor-icon-list-icon\">\n\t\t\t\t\t\t\t<i aria-hidden=\"true\" class=\"fas fa-phone-alt\"><\/i>\t\t\t\t\t\t<\/span>\n\t\t\t\t\t\t\t\t\t\t<span class=\"elementor-icon-list-text\">06 1 311 0839<\/span>\n\t\t\t\t\t\t\t\t\t\t\t<\/a>\n\t\t\t\t\t\t\t\t\t<\/li>\n\t\t\t\t\t\t<\/ul>\n\t\t\t\t\t\t<\/div>\n\t\t\t\t<\/div>\n\t\t\t\t<div class=\"elementor-element elementor-element-4ede568 elementor-widget elementor-widget-google_maps\" data-id=\"4ede568\" data-element_type=\"widget\" data-e-type=\"widget\" data-widget_type=\"google_maps.default\">\n\t\t\t\t<div class=\"elementor-widget-container\">\n\t\t\t\t\t\t\t<div class=\"elementor-custom-embed\">\n\t\t\t<iframe loading=\"lazy\"\n\t\t\t\t\tsrc=\"https:\/\/maps.google.com\/maps?q=Budapest%2C%20Szent%20Istv%C3%A1n%20t%C3%A9r%201%2C%201051&#038;t=m&#038;z=14&#038;output=embed&#038;iwloc=near\"\n\t\t\t\t\ttitle=\"Budapest, Szent Istv\u00e1n t\u00e9r 1, 1051\"\n\t\t\t\t\taria-label=\"Budapest, Szent Istv\u00e1n t\u00e9r 1, 1051\"\n\t\t\t><\/iframe>\n\t\t<\/div>\n\t\t\t\t\t\t<\/div>\n\t\t\t\t<\/div>\n\t\t\t\t<\/div>\n\t\t\t\t\t<\/div>\n\t\t\t\t<\/div>\n\t\t<div class=\"elementor-element elementor-element-5bc9d8b e-flex e-con-boxed e-con e-parent\" data-id=\"5bc9d8b\" data-element_type=\"container\" data-e-type=\"container\">\n\t\t\t\t\t<div class=\"e-con-inner\">\n\t\t<div class=\"elementor-element elementor-element-89dce36 e-con-full e-flex e-con e-child\" data-id=\"89dce36\" data-element_type=\"container\" data-e-type=\"container\">\n\t\t\t\t<div class=\"elementor-element elementor-element-2d453d1 elementor-widget elementor-widget-panric-heading-widget\" data-id=\"2d453d1\" data-element_type=\"widget\" data-e-type=\"widget\" data-widget_type=\"panric-heading-widget.default\">\n\t\t\t\t<div class=\"elementor-widget-container\">\n\t\t\t\t\t<div class=\"ric-module-title ric-style-1 ric-align-left ric-light\"><div class=\"ric-title\">PARISH OFFICE SAINT STEPHEN'S BASILICA <\/div><\/div>\t\t\t\t<\/div>\n\t\t\t\t<\/div>\n\t\t\t\t<div class=\"elementor-element elementor-element-4120b7f elementor-widget elementor-widget-text-editor\" data-id=\"4120b7f\" data-element_type=\"widget\" data-e-type=\"widget\" data-widget_type=\"text-editor.default\">\n\t\t\t\t<div class=\"elementor-widget-container\">\n\t\t\t\t\t\t\t\t\t<div>Headquarters: 1051 Budapest, Hercegpr\u00edm\u00e1s street 7. 1st floor<br \/>Tax number: 19818719-2-41<\/div><div>Bank account number:<\/div><div><div>IBAN: HU73 1170 5008 2028 0008 0000 0000<\/div><div>BIC(SWIFT) code: OTPVHUHB<\/div><\/div>\t\t\t\t\t\t\t\t<\/div>\n\t\t\t\t<\/div>\n\t\t\t\t<\/div>\n\t\t<div class=\"elementor-element elementor-element-eb4ba9d e-con-full e-flex e-con e-child\" data-id=\"eb4ba9d\" data-element_type=\"container\" data-e-type=\"container\">\n\t\t\t\t<div class=\"elementor-element elementor-element-7903a49 elementor-widget elementor-widget-panric-heading-widget\" data-id=\"7903a49\" data-element_type=\"widget\" data-e-type=\"widget\" data-widget_type=\"panric-heading-widget.default\">\n\t\t\t\t<div class=\"elementor-widget-container\">\n\t\t\t\t\t<div class=\"ric-module-title ric-style-1 ric-align-left ric-light\"><div class=\"ric-title\">THE WARDEN OF THE SAINT STEPHEN'S BASILICA<\/div><\/div>\t\t\t\t<\/div>\n\t\t\t\t<\/div>\n\t\t\t\t<div class=\"elementor-element elementor-element-230a256 elementor-widget elementor-widget-text-editor\" data-id=\"230a256\" data-element_type=\"widget\" data-e-type=\"widget\" data-widget_type=\"text-editor.default\">\n\t\t\t\t<div class=\"elementor-widget-container\">\n\t\t\t\t\t\t\t\t\t<div>Headquarters: 1051 Budapest, Hercegpr\u00edm\u00e1s street 7. 1st floor<br \/>Tax number: 18131990-2-41<\/div><div>Bank account number: 11705008-29907140<\/div><div><div>IBAN: HU22 1170 5008 2990 7140 0000 0000<\/div><div>BIC(SWIFT) code: OTPVHUHB<\/div><\/div>\t\t\t\t\t\t\t\t<\/div>\n\t\t\t\t<\/div>\n\t\t\t\t<\/div>\n\t\t\t\t\t<\/div>\n\t\t\t\t<\/div>\n\t\t<div class=\"elementor-element elementor-element-f1a41e2 e-flex e-con-boxed e-con e-parent\" data-id=\"f1a41e2\" data-element_type=\"container\" data-e-type=\"container\">\n\t\t\t\t\t<div class=\"e-con-inner\">\n\t\t<div class=\"elementor-element elementor-element-eb29f7b e-con-full e-flex e-con e-child\" data-id=\"eb29f7b\" data-element_type=\"container\" data-e-type=\"container\">\n\t\t\t\t<div class=\"elementor-element elementor-element-5bc19a8 elementor-widget elementor-widget-panric-heading-widget\" data-id=\"5bc19a8\" data-element_type=\"widget\" data-e-type=\"widget\" data-widget_type=\"panric-heading-widget.default\">\n\t\t\t\t<div class=\"elementor-widget-container\">\n\t\t\t\t\t<div class=\"ric-module-title ric-style-1 ric-align-left ric-light\"><div class=\"ric-title\">THE FOUNDATION \"FOR THE BASILICA\"<\/div><\/div>\t\t\t\t<\/div>\n\t\t\t\t<\/div>\n\t\t\t\t<div class=\"elementor-element elementor-element-0d23437 elementor-widget elementor-widget-text-editor\" data-id=\"0d23437\" data-element_type=\"widget\" data-e-type=\"widget\" data-widget_type=\"text-editor.default\">\n\t\t\t\t<div class=\"elementor-widget-container\">\n\t\t\t\t\t\t\t\t\t<p>The Foundation was founded in 1991. Its purpose is to support the preservation, conservation and renovation of the St. Stephen's Basilica.<\/p><p><strong>Tax number<\/strong>: 19660121-2-41<br \/><strong>Account number<\/strong>: 10102086-02229202-00000001<\/p>\t\t\t\t\t\t\t\t<\/div>\n\t\t\t\t<\/div>\n\t\t\t\t<\/div>\n\t\t<div class=\"elementor-element elementor-element-669af06 e-con-full e-flex e-con e-child\" data-id=\"669af06\" data-element_type=\"container\" data-e-type=\"container\">\n\t\t\t\t<div class=\"elementor-element elementor-element-a5ea5b9 elementor-widget elementor-widget-panric-heading-widget\" data-id=\"a5ea5b9\" data-element_type=\"widget\" data-e-type=\"widget\" data-widget_type=\"panric-heading-widget.default\">\n\t\t\t\t<div class=\"elementor-widget-container\">\n\t\t\t\t\t<div class=\"ric-module-title ric-style-1 ric-align-left ric-light\"><div class=\"ric-title\">ST. STEPHEN'S BASILICA CHARITY<\/div><\/div>\t\t\t\t<\/div>\n\t\t\t\t<\/div>\n\t\t\t\t<div class=\"elementor-element elementor-element-31a8c5e elementor-widget elementor-widget-text-editor\" data-id=\"31a8c5e\" data-element_type=\"widget\" data-e-type=\"widget\" data-widget_type=\"text-editor.default\">\n\t\t\t\t<div class=\"elementor-widget-container\">\n\t\t\t\t\t\t\t\t\t<p>1051 Budapest, Hercegpr\u00edm\u00e1s street 7. 1st floor<\/p><p><strong>Welcome Hour:<\/strong> <br \/>Thursday of the 1st and 3rd week of each month <br \/>9:00 - 11:00 and 15:00 - 17:00<\/p>\t\t\t\t\t\t\t\t<\/div>\n\t\t\t\t<\/div>\n\t\t\t\t<\/div>\n\t\t\t\t\t<\/div>\n\t\t\t\t<\/div>\n\t\t<div class=\"elementor-element elementor-element-e6d0442 e-flex e-con-boxed e-con e-parent\" data-id=\"e6d0442\" data-element_type=\"container\" data-e-type=\"container\">\n\t\t\t\t\t<div class=\"e-con-inner\">\n\t\t<div class=\"elementor-element elementor-element-111eb8b e-con-full e-flex e-con e-child\" data-id=\"111eb8b\" data-element_type=\"container\" data-e-type=\"container\">\n\t\t\t\t<div class=\"elementor-element elementor-element-6af5e33 elementor-widget elementor-widget-panric-heading-widget\" data-id=\"6af5e33\" data-element_type=\"widget\" data-e-type=\"widget\" data-widget_type=\"panric-heading-widget.default\">\n\t\t\t\t<div class=\"elementor-widget-container\">\n\t\t\t\t\t<div class=\"ric-module-title ric-style-1 ric-align-left ric-light\"><div class=\"ric-title\">PARISH OFFICE <\/div><\/div>\t\t\t\t<\/div>\n\t\t\t\t<\/div>\n\t\t\t\t<div class=\"elementor-element elementor-element-644feb4 elementor-widget elementor-widget-menu-anchor\" data-id=\"644feb4\" data-element_type=\"widget\" data-e-type=\"widget\" data-widget_type=\"menu-anchor.default\">\n\t\t\t\t<div class=\"elementor-widget-container\">\n\t\t\t\t\t\t\t<div class=\"elementor-menu-anchor\" id=\"plebaniahivatal\"><\/div>\n\t\t\t\t\t\t<\/div>\n\t\t\t\t<\/div>\n\t\t\t\t<div class=\"elementor-element elementor-element-15eeb2d elementor-widget elementor-widget-text-editor\" data-id=\"15eeb2d\" data-element_type=\"widget\" data-e-type=\"widget\" data-widget_type=\"text-editor.default\">\n\t\t\t\t<div class=\"elementor-widget-container\">\n\t\t\t\t\t\t\t\t\t<div>1051 Budapest, Hercegpr\u00edm\u00e1s street 7. 1st floor<\/div><div>Phone: +3613172859<\/div><div>Fax: +3613280773<\/div><div>E-mail:\u00a0<a href=\"mailto:hivatal@basilica.hu\">hivatal@basilica.hu<\/a><\/div>\t\t\t\t\t\t\t\t<\/div>\n\t\t\t\t<\/div>\n\t\t\t\t<div class=\"elementor-element elementor-element-82231fd elementor-widget elementor-widget-text-editor\" data-id=\"82231fd\" data-element_type=\"widget\" data-e-type=\"widget\" data-widget_type=\"text-editor.default\">\n\t\t\t\t<div class=\"elementor-widget-container\">\n\t\t\t\t\t\t\t\t\t<p><strong>DUE TIME<\/strong><\/p><p>Monday: 10:00 - 12:00 and 16:00 - 17:00<br \/>Tuesday: 10:00 - 12:00<br \/>Wednesday: 10:00 - 12:00 and 16:00 - 17:00<br \/>Thursday: 10:00 - 12:00 and 16:00 - 17:00<br \/>Friday: 16:00 - 17:00<\/p>\t\t\t\t\t\t\t\t<\/div>\n\t\t\t\t<\/div>\n\t\t\t\t<\/div>\n\t\t<div class=\"elementor-element elementor-element-cfbe936 e-con-full e-flex e-con e-child\" data-id=\"cfbe936\" data-element_type=\"container\" data-e-type=\"container\">\n\t\t\t\t<div class=\"elementor-element elementor-element-b7aa1ed elementor-widget elementor-widget-panric-heading-widget\" data-id=\"b7aa1ed\" data-element_type=\"widget\" data-e-type=\"widget\" data-widget_type=\"panric-heading-widget.default\">\n\t\t\t\t<div class=\"elementor-widget-container\">\n\t\t\t\t\t<div class=\"ric-module-title ric-style-1 ric-align-left ric-light\"><div class=\"ric-title\">MEMORIAL OFFICE<\/div><\/div>\t\t\t\t<\/div>\n\t\t\t\t<\/div>\n\t\t\t\t<div class=\"elementor-element elementor-element-43cc3a7 elementor-widget elementor-widget-text-editor\" data-id=\"43cc3a7\" data-element_type=\"widget\" data-e-type=\"widget\" data-widget_type=\"text-editor.default\">\n\t\t\t\t<div class=\"elementor-widget-container\">\n\t\t\t\t\t\t\t\t\t<div>1051 Budapest, Szent Istv\u00e1n square 1. (the entrance is at the side of the Bajcsy-Zsilinszky street)\u00a0<\/div><div>Phone\/fax: +3613320873<\/div><div>E-mail:\u00a0<a href=\"mailto:kegyelet@basilica.hu\">kegyelet@basilica.hu<\/a><\/div><div>\u00a0<\/div><div><strong>DUE TIME<\/strong><\/div><div>\u00a0<\/div><div>Tuesday: 14:00 - 17:00<\/div><div><p>Friday: 10:00 - 13:00<\/p><\/div>\t\t\t\t\t\t\t\t<\/div>\n\t\t\t\t<\/div>\n\t\t\t\t<\/div>\n\t\t\t\t\t<\/div>\n\t\t\t\t<\/div>\n\t\t<div class=\"elementor-element elementor-element-db84572 e-flex e-con-boxed e-con e-parent\" data-id=\"db84572\" data-element_type=\"container\" data-e-type=\"container\">\n\t\t\t\t\t<div class=\"e-con-inner\">\n\t\t\t\t<div class=\"elementor-element elementor-element-04977e1 elementor-widget elementor-widget-panric-heading-widget\" data-id=\"04977e1\" data-element_type=\"widget\" data-e-type=\"widget\" data-widget_type=\"panric-heading-widget.default\">\n\t\t\t\t<div class=\"elementor-widget-container\">\n\t\t\t\t\t<div class=\"ric-module-title ric-style-1 ric-align-left ric-light\"><div class=\"ric-title\">St. Stephen's Basilica Warden<\/div><\/div>\t\t\t\t<\/div>\n\t\t\t\t<\/div>\n\t\t\t\t\t<\/div>\n\t\t\t\t<\/div>\n\t\t<div class=\"elementor-element elementor-element-8618ba4 e-flex e-con-boxed e-con e-parent\" data-id=\"8618ba4\" data-element_type=\"container\" data-e-type=\"container\">\n\t\t\t\t\t<div class=\"e-con-inner\">\n\t\t<div class=\"elementor-element elementor-element-4d32d81 e-con-full e-flex e-con e-child\" data-id=\"4d32d81\" data-element_type=\"container\" data-e-type=\"container\">\n\t\t\t\t<div class=\"elementor-element elementor-element-77c4457 elementor-widget elementor-widget-panric-heading-widget\" data-id=\"77c4457\" data-element_type=\"widget\" data-e-type=\"widget\" data-widget_type=\"panric-heading-widget.default\">\n\t\t\t\t<div class=\"elementor-widget-container\">\n\t\t\t\t\t<div class=\"ric-module-title ric-style-1 ric-align-left ric-light\"><div class=\"ric-sub-title\"><span>Head of department<\/span><\/div><div class=\"ric-title\">Aron Ernyey<\/div><\/div>\t\t\t\t<\/div>\n\t\t\t\t<\/div>\n\t\t\t\t<div class=\"elementor-element elementor-element-b125d71 elementor-widget elementor-widget-text-editor\" data-id=\"b125d71\" data-element_type=\"widget\" data-e-type=\"widget\" data-widget_type=\"text-editor.default\">\n\t\t\t\t<div class=\"elementor-widget-container\">\n\t\t\t\t\t\t\t\t\t<p>Phone: +36 (1) 311 0839\u00a0<br \/>E-mail:<a href=\"mailto:segretario@basilica.hu\">\u00a0gondnoksag@basilica.hu<\/a><\/p>\t\t\t\t\t\t\t\t<\/div>\n\t\t\t\t<\/div>\n\t\t\t\t<\/div>\n\t\t<div class=\"elementor-element elementor-element-aa9a52d e-con-full e-flex e-con e-child\" data-id=\"aa9a52d\" data-element_type=\"container\" data-e-type=\"container\">\n\t\t\t\t<div class=\"elementor-element elementor-element-14ba381 elementor-widget elementor-widget-panric-heading-widget\" data-id=\"14ba381\" data-element_type=\"widget\" data-e-type=\"widget\" data-widget_type=\"panric-heading-widget.default\">\n\t\t\t\t<div class=\"elementor-widget-container\">\n\t\t\t\t\t<div class=\"ric-module-title ric-style-1 ric-align-left ric-light\"><div class=\"ric-sub-title\"><span>Secretary<\/span><\/div><div class=\"ric-title\">Adorjan Juhasz<\/div><\/div>\t\t\t\t<\/div>\n\t\t\t\t<\/div>\n\t\t\t\t<div class=\"elementor-element elementor-element-482ed5e elementor-widget elementor-widget-text-editor\" data-id=\"482ed5e\" data-element_type=\"widget\" data-e-type=\"widget\" data-widget_type=\"text-editor.default\">\n\t\t\t\t<div class=\"elementor-widget-container\">\n\t\t\t\t\t\t\t\t\t<p>Phone: +36 (1) 311 0839 ext. 101<br \/>Mobil: +36302100053<br \/>E-mail:\u00a0<a href=\"mailto:segretario@basilica.hu\">segretario@basilica.hu<\/a><\/p>\t\t\t\t\t\t\t\t<\/div>\n\t\t\t\t<\/div>\n\t\t\t\t<\/div>\n\t\t<div class=\"elementor-element elementor-element-9505a39 e-con-full e-flex e-con e-child\" data-id=\"9505a39\" data-element_type=\"container\" data-e-type=\"container\">\n\t\t\t\t<div class=\"elementor-element elementor-element-7ee41f4 elementor-widget elementor-widget-panric-heading-widget\" data-id=\"7ee41f4\" data-element_type=\"widget\" data-e-type=\"widget\" data-widget_type=\"panric-heading-widget.default\">\n\t\t\t\t<div class=\"elementor-widget-container\">\n\t\t\t\t\t<div class=\"ric-module-title ric-style-1 ric-align-left ric-light\"><div class=\"ric-sub-title\"><span>Head of Office<\/span><\/div><div class=\"ric-title\">Rozsa Tar<\/div><\/div>\t\t\t\t<\/div>\n\t\t\t\t<\/div>\n\t\t\t\t<div class=\"elementor-element elementor-element-26db239 elementor-widget elementor-widget-text-editor\" data-id=\"26db239\" data-element_type=\"widget\" data-e-type=\"widget\" data-widget_type=\"text-editor.default\">\n\t\t\t\t<div class=\"elementor-widget-container\">\n\t\t\t\t\t\t\t\t\t<div class=\"category-view category-list\"><div><p>Phone: +36 (1) 318 9159<br \/>E-mail:\u00a0<a href=\"mailto:gazdasagiiroda@basilica.hu\">gazdasagiiroda@basilica.hu<\/a><\/p><\/div><\/div><div class=\"social float-left w-100 mb-3\"><div class=\"row\"><div class=\"col-sm-12 mt-3\"><div class=\"addthis_inline_share_toolbox\">\u00a0<\/div><\/div><div class=\"col-sm-12 mt-3\">\u00a0<\/div><\/div><\/div>\t\t\t\t\t\t\t\t<\/div>\n\t\t\t\t<\/div>\n\t\t\t\t<\/div>\n\t\t\t\t\t<\/div>\n\t\t\t\t<\/div>\n\t\t<div class=\"elementor-element elementor-element-0371c10 e-flex e-con-boxed e-con e-parent\" data-id=\"0371c10\" data-element_type=\"container\" data-e-type=\"container\">\n\t\t\t\t\t<div class=\"e-con-inner\">\n\t\t<div class=\"elementor-element elementor-element-3fb7d7f e-con-full e-flex e-con e-child\" data-id=\"3fb7d7f\" data-element_type=\"container\" data-e-type=\"container\">\n\t\t\t\t<div class=\"elementor-element elementor-element-4c3766e elementor-widget elementor-widget-panric-heading-widget\" data-id=\"4c3766e\" data-element_type=\"widget\" data-e-type=\"widget\" data-widget_type=\"panric-heading-widget.default\">\n\t\t\t\t<div class=\"elementor-widget-container\">\n\t\t\t\t\t<div class=\"ric-module-title ric-style-1 ric-align-left ric-light\"><div class=\"ric-sub-title\"><span>tourism manager <\/span><\/div><div class=\"ric-title\">Angela Dedak<\/div><\/div>\t\t\t\t<\/div>\n\t\t\t\t<\/div>\n\t\t\t\t<div class=\"elementor-element elementor-element-9b0aafd elementor-widget elementor-widget-text-editor\" data-id=\"9b0aafd\" data-element_type=\"widget\" data-e-type=\"widget\" data-widget_type=\"text-editor.default\">\n\t\t\t\t<div class=\"elementor-widget-container\">\n\t\t\t\t\t\t\t\t\t<p>1051 Budapest, Hercegpr\u00edm\u00e1s street 7.<br \/>Phone: +36 (30) 703 6599<br \/>E-mail:\u00a0<a href=\"mailto:turizmus@basilica.hu\">turizmus@basilica.hu<\/a><\/p>\t\t\t\t\t\t\t\t<\/div>\n\t\t\t\t<\/div>\n\t\t\t\t<\/div>\n\t\t<div class=\"elementor-element elementor-element-c3f35c2 e-con-full e-flex e-con e-child\" data-id=\"c3f35c2\" data-element_type=\"container\" data-e-type=\"container\">\n\t\t\t\t<div class=\"elementor-element elementor-element-09b480a elementor-widget elementor-widget-panric-heading-widget\" data-id=\"09b480a\" data-element_type=\"widget\" data-e-type=\"widget\" data-widget_type=\"panric-heading-widget.default\">\n\t\t\t\t<div class=\"elementor-widget-container\">\n\t\t\t\t\t<div class=\"ric-module-title ric-style-1 ric-align-left ric-light\"><div class=\"ric-sub-title\"><span>cultural organiser<\/span><\/div><div class=\"ric-title\">Nora Szokola<\/div><\/div>\t\t\t\t<\/div>\n\t\t\t\t<\/div>\n\t\t\t\t<div class=\"elementor-element elementor-element-985fe2a elementor-widget elementor-widget-text-editor\" data-id=\"985fe2a\" data-element_type=\"widget\" data-e-type=\"widget\" data-widget_type=\"text-editor.default\">\n\t\t\t\t<div class=\"elementor-widget-container\">\n\t\t\t\t\t\t\t\t\t<p>E-mail:\u00a0<a href=\"mailto:turizmus@basilica.hu\">nora.szokola@basilica.hu<\/a><\/p>\t\t\t\t\t\t\t\t<\/div>\n\t\t\t\t<\/div>\n\t\t\t\t<\/div>\n\t\t<div class=\"elementor-element elementor-element-786c27d e-con-full e-flex e-con e-child\" data-id=\"786c27d\" data-element_type=\"container\" data-e-type=\"container\">\n\t\t\t\t<div class=\"elementor-element elementor-element-3ecf3bb elementor-widget elementor-widget-panric-heading-widget\" data-id=\"3ecf3bb\" data-element_type=\"widget\" data-e-type=\"widget\" data-widget_type=\"panric-heading-widget.default\">\n\t\t\t\t<div class=\"elementor-widget-container\">\n\t\t\t\t\t<div class=\"ric-module-title ric-style-1 ric-align-left ric-light\"><div class=\"ric-sub-title\"><span>communications officer<\/span><\/div><div class=\"ric-title\">Karmen Domonkos<\/div><\/div>\t\t\t\t<\/div>\n\t\t\t\t<\/div>\n\t\t\t\t<div class=\"elementor-element elementor-element-9beb57b elementor-widget elementor-widget-text-editor\" data-id=\"9beb57b\" data-element_type=\"widget\" data-e-type=\"widget\" data-widget_type=\"text-editor.default\">\n\t\t\t\t<div class=\"elementor-widget-container\">\n\t\t\t\t\t\t\t\t\t<p>E-mail:\u00a0<a href=\"mailto:karmen.domonkos@basilica.hu\">karmen.domonkos@basilica.hu<\/a><\/p>\t\t\t\t\t\t\t\t<\/div>\n\t\t\t\t<\/div>\n\t\t\t\t<\/div>\n\t\t\t\t\t<\/div>\n\t\t\t\t<\/div>\n\t\t<div class=\"elementor-element elementor-element-8ba1dc8 e-flex e-con-boxed e-con e-parent\" data-id=\"8ba1dc8\" data-element_type=\"container\" data-e-type=\"container\">\n\t\t\t\t\t<div class=\"e-con-inner\">\n\t\t\t\t<div class=\"elementor-element elementor-element-f523b72 elementor-widget elementor-widget-panric-heading-widget\" data-id=\"f523b72\" data-element_type=\"widget\" data-e-type=\"widget\" data-widget_type=\"panric-heading-widget.default\">\n\t\t\t\t<div class=\"elementor-widget-container\">\n\t\t\t\t\t<div class=\"ric-module-title ric-style-1 ric-align-left ric-light\"><div class=\"ric-title\">Parish Office<\/div><\/div>\t\t\t\t<\/div>\n\t\t\t\t<\/div>\n\t\t\t\t\t<\/div>\n\t\t\t\t<\/div>\n\t\t<div class=\"elementor-element elementor-element-5104225 e-flex e-con-boxed e-con e-parent\" data-id=\"5104225\" data-element_type=\"container\" data-e-type=\"container\">\n\t\t\t\t\t<div class=\"e-con-inner\">\n\t\t<div class=\"elementor-element elementor-element-fd28238 e-con-full e-flex e-con e-child\" data-id=\"fd28238\" data-element_type=\"container\" data-e-type=\"container\">\n\t\t\t\t<div class=\"elementor-element elementor-element-0e0d914 elementor-widget elementor-widget-panric-heading-widget\" data-id=\"0e0d914\" data-element_type=\"widget\" data-e-type=\"widget\" data-widget_type=\"panric-heading-widget.default\">\n\t\t\t\t<div class=\"elementor-widget-container\">\n\t\t\t\t\t<div class=\"ric-module-title ric-style-1 ric-align-left ric-light\"><div class=\"ric-title\">Viktoria Marik<\/div><\/div>\t\t\t\t<\/div>\n\t\t\t\t<\/div>\n\t\t\t\t<div class=\"elementor-element elementor-element-b07eb88 elementor-widget elementor-widget-text-editor\" data-id=\"b07eb88\" data-element_type=\"widget\" data-e-type=\"widget\" data-widget_type=\"text-editor.default\">\n\t\t\t\t<div class=\"elementor-widget-container\">\n\t\t\t\t\t\t\t\t\t<p>E-mail: <a href=\"mailto:hivatal@basilica.hu\" target=\"_blank\" rel=\"noopener\">hivatal@basilica.hu<\/a><\/p>\t\t\t\t\t\t\t\t<\/div>\n\t\t\t\t<\/div>\n\t\t\t\t<\/div>\n\t\t<div class=\"elementor-element elementor-element-5991127 e-con-full e-flex e-con e-child\" data-id=\"5991127\" data-element_type=\"container\" data-e-type=\"container\">\n\t\t\t\t<div class=\"elementor-element elementor-element-0524c72 elementor-widget elementor-widget-panric-heading-widget\" data-id=\"0524c72\" data-element_type=\"widget\" data-e-type=\"widget\" data-widget_type=\"panric-heading-widget.default\">\n\t\t\t\t<div class=\"elementor-widget-container\">\n\t\t\t\t\t<div class=\"ric-module-title ric-style-1 ric-align-left ric-light\"><div class=\"ric-title\">Denes Lovasz<\/div><\/div>\t\t\t\t<\/div>\n\t\t\t\t<\/div>\n\t\t\t\t<div class=\"elementor-element elementor-element-b5845dd elementor-widget elementor-widget-text-editor\" data-id=\"b5845dd\" data-element_type=\"widget\" data-e-type=\"widget\" data-widget_type=\"text-editor.default\">\n\t\t\t\t<div class=\"elementor-widget-container\">\n\t\t\t\t\t\t\t\t\t<p>E-mail: <a href=\"mailto:hivatal@basilica.hu\" target=\"_blank\" rel=\"noopener\">hivatal@basilica.hu<\/a><\/p>\t\t\t\t\t\t\t\t<\/div>\n\t\t\t\t<\/div>\n\t\t\t\t<\/div>\n\t\t\t\t\t<\/div>\n\t\t\t\t<\/div>\n\t\t\t\t<\/div>","protected":false},"excerpt":{"rendered":"<p>Keressen minket bizalommalKapcsolat Budapest, Szent Istv\u00e1n t\u00e9r 1, 1051 06 1 311 0839 SZENT ISTV\u00c1N BAZILIKA PL\u00c9B\u00c1NIA HIVATAL Sz\u00e9khely: 1051 Budapest, Hercegpr\u00edm\u00e1s utca 7. I.em.Ad\u00f3sz\u00e1m: 19818719-2-41Banksz\u00e1mlasz\u00e1m: 11705008-20280008IBAN: HU73 1170 5008 2028 0008 0000 0000BIC(SWIFT) k\u00f3d: OTPVHUHB SZENT ISTV\u00c1N BAZILIKA GONDNOKS\u00c1GA Sz\u00e9khely: 1051 Budapest, Hercegpr\u00edm\u00e1s utca 7. I.em.Ad\u00f3sz\u00e1m: 18131990-2-41Banksz\u00e1mlasz\u00e1m: 11705008-29907140IBAN: HU22 1170 5008 2990 7140 0000 0000BIC(SWIFT) k\u00f3d: OTPVHUHB A &quot;BAZILIK\u00c1\u00c9RT&quot; ALAP\u00cdTV\u00c1NY Az ALAP\u00cdTV\u00c1NY 1991-ben alakult. C\u00e9lja a Szent Istv\u00e1n Bazilika m\u0171eml\u00e9kv\u00e9delm\u00e9nek, \u00e1llagmeg\u00f3v\u00e1s\u00e1nak, fel\u00faj\u00edt\u00e1si munk\u00e1inak t\u00e1mogat\u00e1sa SZJA 1% elfogad\u00e1s\u00e1ra jogosult civil szervezet. Ad\u00f3sz\u00e1m: 19660121-2-41Sz\u00e1mlasz\u00e1m: 10102086-02229202-00000001 SZENT ISTV\u00c1N BAZILIKA KARIT\u00c1SZA 1054 Budapest,&#8230;<\/p>","protected":false},"author":1,"featured_media":0,"parent":0,"menu_order":0,"comment_status":"closed","ping_status":"closed","template":"","meta":{"_price":"","_stock":"","_tribe_ticket_header":"","_tribe_default_ticket_provider":"","_tribe_ticket_capacity":"0","_ticket_start_date":"","_ticket_end_date":"","_tribe_ticket_show_description":"","_tribe_ticket_show_not_going":false,"_tribe_ticket_use_global_stock":"","_tribe_ticket_global_stock_level":"","_global_stock_mode":"","_global_stock_cap":"","_tribe_rsvp_for_event":"","_tribe_ticket_going_count":"","_tribe_ticket_not_going_count":"","_tribe_tickets_list":"[]","_tribe_ticket_has_attendee_info_fields":false,"footnotes":"","_tec_slr_enabled":"","_tec_slr_layout":""},"class_list":["post-2188","page","type-page","status-publish","hentry"],"ticketed":false,"_links":{"self":[{"href":"https:\/\/bazilikabudapest.hu\/en\/wp-json\/wp\/v2\/pages\/2188","targetHints":{"allow":["GET"]}}],"collection":[{"href":"https:\/\/bazilikabudapest.hu\/en\/wp-json\/wp\/v2\/pages"}],"about":[{"href":"https:\/\/bazilikabudapest.hu\/en\/wp-json\/wp\/v2\/types\/page"}],"author":[{"embeddable":true,"href":"https:\/\/bazilikabudapest.hu\/en\/wp-json\/wp\/v2\/users\/1"}],"replies":[{"embeddable":true,"href":"https:\/\/bazilikabudapest.hu\/en\/wp-json\/wp\/v2\/comments?post=2188"}],"version-history":[{"count":58,"href":"https:\/\/bazilikabudapest.hu\/en\/wp-json\/wp\/v2\/pages\/2188\/revisions"}],"predecessor-version":[{"id":8670,"href":"https:\/\/bazilikabudapest.hu\/en\/wp-json\/wp\/v2\/pages\/2188\/revisions\/8670"}],"wp:attachment":[{"href":"https:\/\/bazilikabudapest.hu\/en\/wp-json\/wp\/v2\/media?parent=2188"}],"curies":[{"name":"wp","href":"https:\/\/api.w.org\/{rel}","templated":true}]}}