{"id":4935,"date":"2024-03-27T14:26:56","date_gmt":"2024-03-27T13:26:56","guid":{"rendered":"https:\/\/bazilikabudapest.hu\/?page_id=4935"},"modified":"2024-04-08T14:46:46","modified_gmt":"2024-04-08T12:46:46","slug":"kep","status":"publish","type":"page","link":"https:\/\/bazilikabudapest.hu\/en\/kep\/","title":{"rendered":"K\u00e9p"},"content":{"rendered":"<div data-elementor-type=\"wp-page\" data-elementor-id=\"4935\" class=\"elementor elementor-4935\">\n\t\t\t\t<div class=\"elementor-element elementor-element-629b688 e-con-full e-flex e-con e-parent\" data-id=\"629b688\" data-element_type=\"container\" data-e-type=\"container\">\n\t\t\t\t<div class=\"elementor-element elementor-element-7388c44 elementor-widget elementor-widget-panric-blog-widget\" data-id=\"7388c44\" data-element_type=\"widget\" data-e-type=\"widget\" data-widget_type=\"panric-blog-widget.default\">\n\t\t\t\t<div class=\"elementor-widget-container\">\n\t\t\t\t\t<div class=\"ric-article-list\"><div class=\"ric-post-listing ric-style-3 ric-light ric-align-center\"><div class=\"ric-grid ric-grid-2 ric-spacing-20\"><div class=\"ric-grid-col\"><div class=\"ric-item\"><div class=\"ric-image\"><a href=\"https:\/\/bazilikabudapest.hu\/en\/2025\/01\/29\/templomter\/\"><img fetchpriority=\"high\" decoding=\"async\" width=\"960\" height=\"660\" src=\"https:\/\/bazilikabudapest.hu\/wp-content\/themes\/panric\/includes\/assets\/img\/placeholder.png\" class=\"attachment-panric-post-5 size-panric-post-5 ric-lazy-load wp-post-image\" alt=\"\" data-src=\"https:\/\/bazilikabudapest.hu\/wp-content\/uploads\/2025\/01\/DSCF1707-blended_199-960x660.jpg\" data-srcset=\"https:\/\/bazilikabudapest.hu\/wp-content\/uploads\/2025\/01\/DSCF1707-blended_199-960x660.jpg 960w, https:\/\/bazilikabudapest.hu\/wp-content\/uploads\/2025\/01\/DSCF1707-blended_199-18x12.jpg 18w, https:\/\/bazilikabudapest.hu\/wp-content\/uploads\/2025\/01\/DSCF1707-blended_199-1200x825.jpg 1200w\" data-sizes=\"(max-width: 960px) 100vw, 960px\" \/><\/a><\/div><div class=\"ric-content\"><div class=\"ric-content-inner\"><div class=\"ric-post-header\"><div class=\"ric-title\"><a href=\"https:\/\/bazilikabudapest.hu\/en\/2025\/01\/29\/templomter\/\">Churchall<\/a><\/div><\/div><\/div><\/div><\/div><\/div><div class=\"ric-grid-col\"><div class=\"ric-item\"><div class=\"ric-image\"><a href=\"https:\/\/bazilikabudapest.hu\/en\/2025\/01\/29\/kincstar-2\/\"><img decoding=\"async\" width=\"960\" height=\"660\" src=\"https:\/\/bazilikabudapest.hu\/wp-content\/themes\/panric\/includes\/assets\/img\/placeholder.png\" class=\"attachment-panric-post-5 size-panric-post-5 ric-lazy-load wp-post-image\" alt=\"\" data-src=\"https:\/\/bazilikabudapest.hu\/wp-content\/uploads\/2024\/03\/DSCF4465-blended_1770-960x660.jpg\" data-srcset=\"https:\/\/bazilikabudapest.hu\/wp-content\/uploads\/2024\/03\/DSCF4465-blended_1770-960x660.jpg 960w, https:\/\/bazilikabudapest.hu\/wp-content\/uploads\/2024\/03\/DSCF4465-blended_1770-18x12.jpg 18w, https:\/\/bazilikabudapest.hu\/wp-content\/uploads\/2024\/03\/DSCF4465-blended_1770-1200x825.jpg 1200w\" data-sizes=\"(max-width: 960px) 100vw, 960px\" \/><\/a><\/div><div class=\"ric-content\"><div class=\"ric-content-inner\"><div class=\"ric-post-header\"><div class=\"ric-title\"><a href=\"https:\/\/bazilikabudapest.hu\/en\/2025\/01\/29\/kincstar-2\/\">Treasury<\/a><\/div><\/div><\/div><\/div><\/div><\/div><div class=\"ric-grid-col\"><div class=\"ric-item\"><div class=\"ric-image\"><a href=\"https:\/\/bazilikabudapest.hu\/en\/2025\/02\/17\/kincstar-3\/\"><img decoding=\"async\" width=\"960\" height=\"660\" src=\"https:\/\/bazilikabudapest.hu\/wp-content\/themes\/panric\/includes\/assets\/img\/placeholder.png\" class=\"attachment-panric-post-5 size-panric-post-5 ric-lazy-load wp-post-image\" alt=\"\" data-src=\"https:\/\/bazilikabudapest.hu\/wp-content\/uploads\/2025\/02\/DSCF6470-blended-Edit_2241-2-960x660.jpg\" \/><\/a><\/div><div class=\"ric-content\"><div class=\"ric-content-inner\"><div class=\"ric-post-header\"><div class=\"ric-title\"><a href=\"https:\/\/bazilikabudapest.hu\/en\/2025\/02\/17\/kincstar-3\/\">Panoramic terrace<\/a><\/div><\/div><\/div><\/div><\/div><\/div><\/div><\/div><\/div>\t\t\t\t<\/div>\n\t\t\t\t<\/div>\n\t\t\t\t<\/div>\n\t\t\t\t<\/div>","protected":false},"excerpt":{"rendered":"<p>A SZENTATYA L\u00c1TOGAT\u00c1SA A BAZILIK\u00c1BAN 2023. \u00c1PRILIS 28-\u00c1NP\u00dcSP\u00d6KSZENTEL\u00c9SH\u00daSV\u00c9TI VIG\u00cdLIA-2023.<\/p>","protected":false},"author":1,"featured_media":5010,"parent":0,"menu_order":0,"comment_status":"closed","ping_status":"closed","template":"","meta":{"_price":"","_stock":"","_tribe_ticket_header":"","_tribe_default_ticket_provider":"","_tribe_ticket_capacity":"0","_ticket_start_date":"","_ticket_end_date":"","_tribe_ticket_show_description":"","_tribe_ticket_show_not_going":false,"_tribe_ticket_use_global_stock":"","_tribe_ticket_global_stock_level":"","_global_stock_mode":"","_global_stock_cap":"","_tribe_rsvp_for_event":"","_tribe_ticket_going_count":"","_tribe_ticket_not_going_count":"","_tribe_tickets_list":"[]","_tribe_ticket_has_attendee_info_fields":false,"footnotes":"","_tec_slr_enabled":"","_tec_slr_layout":""},"class_list":["post-4935","page","type-page","status-publish","has-post-thumbnail","hentry"],"ticketed":false,"_links":{"self":[{"href":"https:\/\/bazilikabudapest.hu\/en\/wp-json\/wp\/v2\/pages\/4935","targetHints":{"allow":["GET"]}}],"collection":[{"href":"https:\/\/bazilikabudapest.hu\/en\/wp-json\/wp\/v2\/pages"}],"about":[{"href":"https:\/\/bazilikabudapest.hu\/en\/wp-json\/wp\/v2\/types\/page"}],"author":[{"embeddable":true,"href":"https:\/\/bazilikabudapest.hu\/en\/wp-json\/wp\/v2\/users\/1"}],"replies":[{"embeddable":true,"href":"https:\/\/bazilikabudapest.hu\/en\/wp-json\/wp\/v2\/comments?post=4935"}],"version-history":[{"count":31,"href":"https:\/\/bazilikabudapest.hu\/en\/wp-json\/wp\/v2\/pages\/4935\/revisions"}],"predecessor-version":[{"id":5374,"href":"https:\/\/bazilikabudapest.hu\/en\/wp-json\/wp\/v2\/pages\/4935\/revisions\/5374"}],"wp:featuredmedia":[{"embeddable":true,"href":"https:\/\/bazilikabudapest.hu\/en\/wp-json\/wp\/v2\/media\/5010"}],"wp:attachment":[{"href":"https:\/\/bazilikabudapest.hu\/en\/wp-json\/wp\/v2\/media?parent=4935"}],"curies":[{"name":"wp","href":"https:\/\/api.w.org\/{rel}","templated":true}]}}