{"id":5044,"date":"2024-03-28T20:34:43","date_gmt":"2024-03-28T19:34:43","guid":{"rendered":"https:\/\/bazilikabudapest.hu\/?page_id=5044"},"modified":"2024-04-08T14:47:30","modified_gmt":"2024-04-08T12:47:30","slug":"video","status":"publish","type":"page","link":"https:\/\/bazilikabudapest.hu\/en\/video\/","title":{"rendered":"Video"},"content":{"rendered":"<div data-elementor-type=\"wp-page\" data-elementor-id=\"5044\" class=\"elementor elementor-5044\">\n\t\t\t\t<div class=\"elementor-element elementor-element-629b688 e-con-full e-flex e-con e-parent\" data-id=\"629b688\" data-element_type=\"container\" data-e-type=\"container\">\n\t\t\t\t<div class=\"elementor-element elementor-element-7388c44 elementor-widget elementor-widget-panric-blog-widget\" data-id=\"7388c44\" data-element_type=\"widget\" data-e-type=\"widget\" data-widget_type=\"panric-blog-widget.default\">\n\t\t\t\t<div class=\"elementor-widget-container\">\n\t\t\t\t\t<div class=\"ric-article-list\"><div class=\"ric-post-listing ric-style-3 ric-light ric-align-center\"><div class=\"ric-grid ric-grid-2 ric-spacing-20\"><div class=\"ric-grid-col\"><div class=\"ric-item\"><div class=\"ric-image\"><a href=\"https:\/\/bazilikabudapest.hu\/en\/2024\/03\/28\/hazahuzo-riport\/\"><img fetchpriority=\"high\" decoding=\"async\" width=\"960\" height=\"660\" src=\"https:\/\/bazilikabudapest.hu\/wp-content\/themes\/panric\/includes\/assets\/img\/placeholder.png\" class=\"attachment-panric-post-5 size-panric-post-5 ric-lazy-load wp-post-image\" alt=\"\" data-src=\"https:\/\/bazilikabudapest.hu\/wp-content\/uploads\/2024\/03\/12-2-960x660.jpg\" data-srcset=\"https:\/\/bazilikabudapest.hu\/wp-content\/uploads\/2024\/03\/12-2-960x660.jpg 960w, https:\/\/bazilikabudapest.hu\/wp-content\/uploads\/2024\/03\/12-2-1200x825.jpg 1200w\" data-sizes=\"(max-width: 960px) 100vw, 960px\" \/><\/a><\/div><div class=\"ric-content\"><div class=\"ric-content-inner\"><div class=\"ric-post-header\"><div class=\"ric-title\"><a href=\"https:\/\/bazilikabudapest.hu\/en\/2024\/03\/28\/hazahuzo-riport\/\">A HAZAH\u00daZ\u00d3 RIPORTJA A SZENT ISTV\u00c1N BAZILIK\u00c1R\u00d3L<\/a><\/div><\/div><\/div><\/div><\/div><\/div><div class=\"ric-grid-col\"><div class=\"ric-item\"><div class=\"ric-image\"><a href=\"https:\/\/bazilikabudapest.hu\/en\/2024\/03\/28\/plebaniak-zarandoklata\/\"><img decoding=\"async\" width=\"960\" height=\"660\" src=\"https:\/\/bazilikabudapest.hu\/wp-content\/themes\/panric\/includes\/assets\/img\/placeholder.png\" class=\"attachment-panric-post-5 size-panric-post-5 ric-lazy-load wp-post-image\" alt=\"\" data-src=\"https:\/\/bazilikabudapest.hu\/wp-content\/uploads\/2024\/03\/or__20131222122415_12-960x660.jpg\" \/><\/a><\/div><div class=\"ric-content\"><div class=\"ric-content-inner\"><div class=\"ric-post-header\"><div class=\"ric-title\"><a href=\"https:\/\/bazilikabudapest.hu\/en\/2024\/03\/28\/plebaniak-zarandoklata\/\">BUDAPESTI PL\u00c9B\u00c1NI\u00c1K ZAR\u00c1NDOKLATA A BAZILIK\u00c1BA<\/a><\/div><\/div><\/div><\/div><\/div><\/div><div class=\"ric-grid-col\"><div class=\"ric-item\"><div class=\"ric-image\"><a href=\"https:\/\/bazilikabudapest.hu\/en\/2024\/03\/28\/lezarult-a-hit-eve\/\"><img decoding=\"async\" width=\"960\" height=\"660\" src=\"https:\/\/bazilikabudapest.hu\/wp-content\/themes\/panric\/includes\/assets\/img\/placeholder.png\" class=\"attachment-panric-post-5 size-panric-post-5 ric-lazy-load wp-post-image\" alt=\"\" data-src=\"https:\/\/bazilikabudapest.hu\/wp-content\/uploads\/2024\/03\/or__2013112083751_41-960x660.jpg\" \/><\/a><\/div><div class=\"ric-content\"><div class=\"ric-content-inner\"><div class=\"ric-post-header\"><div class=\"ric-title\"><a href=\"https:\/\/bazilikabudapest.hu\/en\/2024\/03\/28\/lezarult-a-hit-eve\/\">LEZ\u00c1RULT A HIT \u00c9VE AZ ESZTERGOM-BUDAPESTI F\u0150EGYH\u00c1ZMEGY\u00c9BEN<\/a><\/div><\/div><\/div><\/div><\/div><\/div><\/div><\/div><\/div>\t\t\t\t<\/div>\n\t\t\t\t<\/div>\n\t\t\t\t<\/div>\n\t\t\t\t<\/div>","protected":false},"excerpt":{"rendered":"<p>A HAZAH\u00daZ\u00d3 RIPORTJA A SZENT ISTV\u00c1N BAZILIK\u00c1R\u00d3LBUDAPESTI PL\u00c9B\u00c1NI\u00c1K ZAR\u00c1NDOKLATA A BAZILIK\u00c1BALEZ\u00c1RULT A HIT \u00c9VE AZ ESZTERGOM-BUDAPESTI F\u0150EGYH\u00c1ZMEGY\u00c9BEN<\/p>","protected":false},"author":1,"featured_media":5043,"parent":0,"menu_order":0,"comment_status":"closed","ping_status":"closed","template":"","meta":{"_price":"","_stock":"","_tribe_ticket_header":"","_tribe_default_ticket_provider":"","_tribe_ticket_capacity":"0","_ticket_start_date":"","_ticket_end_date":"","_tribe_ticket_show_description":"","_tribe_ticket_show_not_going":false,"_tribe_ticket_use_global_stock":"","_tribe_ticket_global_stock_level":"","_global_stock_mode":"","_global_stock_cap":"","_tribe_rsvp_for_event":"","_tribe_ticket_going_count":"","_tribe_ticket_not_going_count":"","_tribe_tickets_list":"[]","_tribe_ticket_has_attendee_info_fields":false,"footnotes":"","_tec_slr_enabled":"","_tec_slr_layout":""},"class_list":["post-5044","page","type-page","status-publish","has-post-thumbnail","hentry"],"ticketed":false,"_links":{"self":[{"href":"https:\/\/bazilikabudapest.hu\/en\/wp-json\/wp\/v2\/pages\/5044","targetHints":{"allow":["GET"]}}],"collection":[{"href":"https:\/\/bazilikabudapest.hu\/en\/wp-json\/wp\/v2\/pages"}],"about":[{"href":"https:\/\/bazilikabudapest.hu\/en\/wp-json\/wp\/v2\/types\/page"}],"author":[{"embeddable":true,"href":"https:\/\/bazilikabudapest.hu\/en\/wp-json\/wp\/v2\/users\/1"}],"replies":[{"embeddable":true,"href":"https:\/\/bazilikabudapest.hu\/en\/wp-json\/wp\/v2\/comments?post=5044"}],"version-history":[{"count":7,"href":"https:\/\/bazilikabudapest.hu\/en\/wp-json\/wp\/v2\/pages\/5044\/revisions"}],"predecessor-version":[{"id":5380,"href":"https:\/\/bazilikabudapest.hu\/en\/wp-json\/wp\/v2\/pages\/5044\/revisions\/5380"}],"wp:featuredmedia":[{"embeddable":true,"href":"https:\/\/bazilikabudapest.hu\/en\/wp-json\/wp\/v2\/media\/5043"}],"wp:attachment":[{"href":"https:\/\/bazilikabudapest.hu\/en\/wp-json\/wp\/v2\/media?parent=5044"}],"curies":[{"name":"wp","href":"https:\/\/api.w.org\/{rel}","templated":true}]}}