{"id":5101,"date":"2024-04-02T15:22:27","date_gmt":"2024-04-02T13:22:27","guid":{"rendered":"https:\/\/bazilikabudapest.hu\/?page_id=5101"},"modified":"2025-03-20T16:51:40","modified_gmt":"2025-03-20T15:51:40","slug":"eskuvo","status":"publish","type":"page","link":"https:\/\/bazilikabudapest.hu\/en\/eskuvo\/","title":{"rendered":"Wedding"},"content":{"rendered":"<div data-elementor-type=\"wp-page\" data-elementor-id=\"5101\" class=\"elementor elementor-5101\">\n\t\t\t\t<div class=\"elementor-element elementor-element-796f38e e-flex e-con-boxed e-con e-parent\" data-id=\"796f38e\" data-element_type=\"container\" data-e-type=\"container\">\n\t\t\t\t\t<div class=\"e-con-inner\">\n\t\t<div class=\"elementor-element elementor-element-cb992f3 e-flex e-con-boxed e-con e-child\" data-id=\"cb992f3\" data-element_type=\"container\" data-e-type=\"container\">\n\t\t\t\t\t<div class=\"e-con-inner\">\n\t\t\t\t<div class=\"elementor-element elementor-element-cc66389 elementor-widget elementor-widget-text-editor\" data-id=\"cc66389\" data-element_type=\"widget\" data-e-type=\"widget\" data-widget_type=\"text-editor.default\">\n\t\t\t\t<div class=\"elementor-widget-container\">\n\t\t\t\t\t\t\t\t\t<h5 style=\"text-align: justify;\">Important information about the wedding in St Stephen's Basilica<\/h5><div style=\"text-align: justify;\"><strong>Price of a wedding ceremony in the year 2025:\u00a0<\/strong> In the church hall <strong>130.000 Ft<\/strong>, in a Mary Chapel <strong>65.000 Ft.<\/strong>The price is payable by bank transfer or by cash in the Parish Office prior to the wedding within the opening hours. The price contains the venue of the Basilica including altar decoration, lighting, closing major part of the interior in front of tourists, organ music for entry and for leaving, as well as the fee of the marrying priest.<\/div>\t\t\t\t\t\t\t\t<\/div>\n\t\t\t\t<\/div>\n\t\t\t\t\t<\/div>\n\t\t\t\t<\/div>\n\t\t\t\t\t<\/div>\n\t\t\t\t<\/div>\n\t\t<div class=\"elementor-element elementor-element-e3b4b4f e-flex e-con-boxed e-con e-parent\" data-id=\"e3b4b4f\" data-element_type=\"container\" data-e-type=\"container\">\n\t\t\t\t\t<div class=\"e-con-inner\">\n\t\t<div class=\"elementor-element elementor-element-29ea31a e-con-full e-flex e-con e-child\" data-id=\"29ea31a\" data-element_type=\"container\" data-e-type=\"container\">\n\t\t\t\t<div class=\"elementor-element elementor-element-0726c57 elementor-widget elementor-widget-menu-anchor\" data-id=\"0726c57\" data-element_type=\"widget\" data-e-type=\"widget\" data-widget_type=\"menu-anchor.default\">\n\t\t\t\t<div class=\"elementor-widget-container\">\n\t\t\t\t\t\t\t<div class=\"elementor-menu-anchor\" id=\"jelentkezeseskuvore\"><\/div>\n\t\t\t\t\t\t<\/div>\n\t\t\t\t<\/div>\n\t\t\t\t<div class=\"elementor-element elementor-element-3d6dec1 elementor-widget elementor-widget-text-editor\" data-id=\"3d6dec1\" data-element_type=\"widget\" data-e-type=\"widget\" data-widget_type=\"text-editor.default\">\n\t\t\t\t<div class=\"elementor-widget-container\">\n\t\t\t\t\t\t\t\t\t<h5 style=\"text-align: justify;\"><strong>Documents to submit<\/strong><\/h5><div style=\"text-align: justify;\">In case of catholic couples the Baptismal Certificate, not older than three months, to be asked for in the Parish office of the baptising church, has to be submitted to the Parish office of the Basilica three months prior to the wedding.<\/div><div style=\"text-align: justify;\">In case of protestant couples the Baptismal Certificate or a copy of the Baptism memorial page is needed, which has to be asked for in the baptising church.<\/div><div style=\"text-align: justify;\">Education to prepare couples for marriage has to be certified, if it does not take place in the Basilica.<\/div>\t\t\t\t\t\t\t\t<\/div>\n\t\t\t\t<\/div>\n\t\t\t\t<\/div>\n\t\t<div class=\"elementor-element elementor-element-95fad73 e-grid e-con-full e-con e-child\" data-id=\"95fad73\" data-element_type=\"container\" data-e-type=\"container\">\n\t\t\t\t<div class=\"elementor-element elementor-element-444e24b elementor-align-left elementor-widget elementor-widget-button\" data-id=\"444e24b\" data-element_type=\"widget\" data-e-type=\"widget\" data-widget_type=\"button.default\">\n\t\t\t\t<div class=\"elementor-widget-container\">\n\t\t\t\t\t\t\t\t\t<div class=\"elementor-button-wrapper\">\n\t\t\t\t\t<a class=\"elementor-button elementor-button-link elementor-size-sm\" href=\"https:\/\/bazilikabudapest.hu\/wp-content\/uploads\/2024\/04\/Adatlap-eskuvore.pdf\" target=\"_blank\">\n\t\t\t\t\t\t<span class=\"elementor-button-content-wrapper\">\n\t\t\t\t\t\t<span class=\"elementor-button-icon\">\n\t\t\t\t<i aria-hidden=\"true\" class=\"fas fa-file-download\"><\/i>\t\t\t<\/span>\n\t\t\t\t\t\t\t\t\t<span class=\"elementor-button-text\">Data sheet for wedding<\/span>\n\t\t\t\t\t<\/span>\n\t\t\t\t\t<\/a>\n\t\t\t\t<\/div>\n\t\t\t\t\t\t\t\t<\/div>\n\t\t\t\t<\/div>\n\t\t\t\t<div class=\"elementor-element elementor-element-a11105b elementor-align-left elementor-widget elementor-widget-button\" data-id=\"a11105b\" data-element_type=\"widget\" data-e-type=\"widget\" data-widget_type=\"button.default\">\n\t\t\t\t<div class=\"elementor-widget-container\">\n\t\t\t\t\t\t\t\t\t<div class=\"elementor-button-wrapper\">\n\t\t\t\t\t<a class=\"elementor-button elementor-button-link elementor-size-sm\" href=\"https:\/\/bazilikabudapest.hu\/wp-content\/uploads\/2024\/12\/Nyilatkozat-a-Bazilikaban-tartando-eskuvorol_2025.pdf\" target=\"_blank\">\n\t\t\t\t\t\t<span class=\"elementor-button-content-wrapper\">\n\t\t\t\t\t\t<span class=\"elementor-button-icon\">\n\t\t\t\t<i aria-hidden=\"true\" class=\"fas fa-file-download\"><\/i>\t\t\t<\/span>\n\t\t\t\t\t\t\t\t\t<span class=\"elementor-button-text\">Statement for wedding<\/span>\n\t\t\t\t\t<\/span>\n\t\t\t\t\t<\/a>\n\t\t\t\t<\/div>\n\t\t\t\t\t\t\t\t<\/div>\n\t\t\t\t<\/div>\n\t\t\t\t<\/div>\n\t\t<div class=\"elementor-element elementor-element-582f152 e-con-full e-flex e-con e-child\" data-id=\"582f152\" data-element_type=\"container\" data-e-type=\"container\">\n\t\t\t\t<div class=\"elementor-element elementor-element-2b91ecd elementor-widget elementor-widget-text-editor\" data-id=\"2b91ecd\" data-element_type=\"widget\" data-e-type=\"widget\" data-widget_type=\"text-editor.default\">\n\t\t\t\t<div class=\"elementor-widget-container\">\n\t\t\t\t\t\t\t\t\t<h5 style=\"text-align: justify;\"><strong>Education Course in the Basilica to prepare couples for marriage<\/strong><\/h5>\n<div style=\"text-align: justify;\">Application for the Course, which consists of two theoretical avocations, has to be submitted in the\nParish office at the scheduled times. The two occasions take place in the morning on two Saturdays between 09:00 and 12:00.<\/div>\n<div style=\"text-align: justify;\">The starting date has to be arranged with the Parish office.<\/div>\n<div style=\"text-align: justify;\">The details of the ceremony will be discussed with each of the couples in the week of the wedding or\nthe week before.<\/div>\n\t\t\t\t\t\t\t\t<\/div>\n\t\t\t\t<\/div>\n\t\t\t\t<div class=\"elementor-element elementor-element-af76d8f elementor-widget elementor-widget-button\" data-id=\"af76d8f\" data-element_type=\"widget\" data-e-type=\"widget\" data-widget_type=\"button.default\">\n\t\t\t\t<div class=\"elementor-widget-container\">\n\t\t\t\t\t\t\t\t\t<div class=\"elementor-button-wrapper\">\n\t\t\t\t\t<a class=\"elementor-button elementor-button-link elementor-size-sm\" href=\"https:\/\/docs.google.com\/forms\/d\/e\/1FAIpQLSc4I8-jPr-4lcyfivNdgBWW_05npl082h01Fq-nIWqm1XERmg\/viewform?usp=sf_link\">\n\t\t\t\t\t\t<span class=\"elementor-button-content-wrapper\">\n\t\t\t\t\t\t\t\t\t<span class=\"elementor-button-text\">Application for the Course<\/span>\n\t\t\t\t\t<\/span>\n\t\t\t\t\t<\/a>\n\t\t\t\t<\/div>\n\t\t\t\t\t\t\t\t<\/div>\n\t\t\t\t<\/div>\n\t\t\t\t<\/div>\n\t\t\t\t\t<\/div>\n\t\t\t\t<\/div>\n\t\t<div class=\"elementor-element elementor-element-ec74fa7 e-flex e-con-boxed e-con e-parent\" data-id=\"ec74fa7\" data-element_type=\"container\" data-e-type=\"container\">\n\t\t\t\t\t<div class=\"e-con-inner\">\n\t\t\t\t<div class=\"elementor-element elementor-element-991f13a elementor-widget elementor-widget-text-editor\" data-id=\"991f13a\" data-element_type=\"widget\" data-e-type=\"widget\" data-widget_type=\"text-editor.default\">\n\t\t\t\t<div class=\"elementor-widget-container\">\n\t\t\t\t\t\t\t\t\t<h5 style=\"text-align: justify;\"><strong>Education Course somewhere else<\/strong><\/h5>\n<div style=\"text-align: justify;\">To participate at the Education Course is obligatory even if it is not possible in the Basilica, because\nthe couple lives far away from Budapest. In this case the couple has to attend the Education Course in a roman catholic church nearby, offering date and time in accordance with the rule of the church.\nAbout attendance at the Course a certification has to be submitted to the Basilica. The certificate will be accepted besides Hungarian also in English, German, French, Italian and Spanish.<\/div>\n<div style=\"text-align: justify;\"><strong>Duration of the wedding:<\/strong> in one language cca. 30 minutes, in two languages cca. 45 minutes.<\/div>\n\t\t\t\t\t\t\t\t<\/div>\n\t\t\t\t<\/div>\n\t\t\t\t\t<\/div>\n\t\t\t\t<\/div>\n\t\t<div class=\"elementor-element elementor-element-e28ee84 e-flex e-con-boxed e-con e-parent\" data-id=\"e28ee84\" data-element_type=\"container\" data-e-type=\"container\">\n\t\t\t\t\t<div class=\"e-con-inner\">\n\t\t\t\t<div class=\"elementor-element elementor-element-fe64c75 elementor-widget elementor-widget-text-editor\" data-id=\"fe64c75\" data-element_type=\"widget\" data-e-type=\"widget\" data-widget_type=\"text-editor.default\">\n\t\t\t\t<div class=\"elementor-widget-container\">\n\t\t\t\t\t\t\t\t\t<h5 style=\"text-align: justify;\"><strong>Further information<\/strong><\/h5><div style=\"text-align: justify;\">Outside, close to the Basilica 5-6 cars can park during the wedding. Drive in from Bajcsy-Zsilinszky\nstreet, coming from the direction of Western Railway station (Nyugati p\u00e1lyaudvar) is possible. Number of the cars, their brand, type and plate numbers must be given to the Parish office.<\/div><div style=\"text-align: justify;\">We call your kind attention, that the interior of the Basilica is not totally closed during the wedding\nceremony, just limited in front of the tourists. Therefore it can happen, that tourists take photos on the married couple.<\/div><div style=\"text-align: justify;\">To sprinkle rice or petals either in the church or on the stairs is not allowed.<\/div><div style=\"text-align: justify;\">It is allowed to take photos, videos in the church during the wedding ceremony as well as before and after, also at the main entrance.<\/div><div style=\"text-align: justify;\">As to the clothing: we kindly request ladies, especially the brides, to cover their back, shoulders and breast in the church.<\/div><div style=\"text-align: justify;\">We thank you to comply with this conditions!<\/div>\t\t\t\t\t\t\t\t<\/div>\n\t\t\t\t<\/div>\n\t\t\t\t\t<\/div>\n\t\t\t\t<\/div>\n\t\t\t\t<\/div>","protected":false},"excerpt":{"rendered":"<p>Fontos tudnival\u00f3k a Szent Istv\u00e1n Bazilik\u00e1ban tartand\u00f3 esk\u00fcv\u0151vel kapcsolatban Esk\u00fcv\u0151 d\u00edja a 2025-\u00f6s \u00e9vben: A templomt\u00e9rben 130.000,- Ft, a M\u00e1ria k\u00e1poln\u00e1ban 65.000,- Ft. A d\u00edj fizethet\u0151 \u00e1tutal\u00e1ssal, vagy k\u00e9szp\u00e9nzben a pl\u00e9b\u00e1niai hivatalban az esk\u00fcv\u0151 el\u0151tt nyitvatart\u00e1si id\u0151ben. Ez tartalmazza a hely (Bazilika) d\u00edj\u00e1t (olt\u00e1rd\u00edsz\u00edt\u00e9s, vil\u00e1g\u00edt\u00e1s, templom nagy r\u00e9sz\u00e9nek lez\u00e1r\u00e1sa a turist\u00e1k el\u0151l), az orgonazen\u00e9t be- \u00e9s kivonul\u00e1sra, \u00e9s a pap esket\u00e9si d\u00edj\u00e1t. Leadand\u00f3 iratok: Katolikusoknak az esk\u00fcv\u0151 d\u00e1tuma el\u0151tt h\u00e1rom h\u00f3nappal a 3 h\u00f3napn\u00e1l nem r\u00e9gebbi keresztlevele, amit a keresztel\u00e9si pl\u00e9b\u00e1ni\u00e1n kell kik\u00e9rni, majd leadni n\u00e1lunk a pl\u00e9b\u00e1niai irod\u00e1n.Protest\u00e1nsokn\u00e1l keresztel\u00e9si&#8230;<\/p>","protected":false},"author":1,"featured_media":0,"parent":0,"menu_order":0,"comment_status":"closed","ping_status":"closed","template":"","meta":{"_price":"","_stock":"","_tribe_ticket_header":"","_tribe_default_ticket_provider":"","_tribe_ticket_capacity":"0","_ticket_start_date":"","_ticket_end_date":"","_tribe_ticket_show_description":"","_tribe_ticket_show_not_going":false,"_tribe_ticket_use_global_stock":"","_tribe_ticket_global_stock_level":"","_global_stock_mode":"","_global_stock_cap":"","_tribe_rsvp_for_event":"","_tribe_ticket_going_count":"","_tribe_ticket_not_going_count":"","_tribe_tickets_list":"[]","_tribe_ticket_has_attendee_info_fields":false,"footnotes":"","_tec_slr_enabled":"","_tec_slr_layout":""},"class_list":["post-5101","page","type-page","status-publish","hentry"],"ticketed":false,"_links":{"self":[{"href":"https:\/\/bazilikabudapest.hu\/en\/wp-json\/wp\/v2\/pages\/5101","targetHints":{"allow":["GET"]}}],"collection":[{"href":"https:\/\/bazilikabudapest.hu\/en\/wp-json\/wp\/v2\/pages"}],"about":[{"href":"https:\/\/bazilikabudapest.hu\/en\/wp-json\/wp\/v2\/types\/page"}],"author":[{"embeddable":true,"href":"https:\/\/bazilikabudapest.hu\/en\/wp-json\/wp\/v2\/users\/1"}],"replies":[{"embeddable":true,"href":"https:\/\/bazilikabudapest.hu\/en\/wp-json\/wp\/v2\/comments?post=5101"}],"version-history":[{"count":23,"href":"https:\/\/bazilikabudapest.hu\/en\/wp-json\/wp\/v2\/pages\/5101\/revisions"}],"predecessor-version":[{"id":8382,"href":"https:\/\/bazilikabudapest.hu\/en\/wp-json\/wp\/v2\/pages\/5101\/revisions\/8382"}],"wp:attachment":[{"href":"https:\/\/bazilikabudapest.hu\/en\/wp-json\/wp\/v2\/media?parent=5101"}],"curies":[{"name":"wp","href":"https:\/\/api.w.org\/{rel}","templated":true}]}}