{"id":5131,"date":"2024-04-02T16:14:35","date_gmt":"2024-04-02T14:14:35","guid":{"rendered":"https:\/\/bazilikabudapest.hu\/?page_id=5131"},"modified":"2024-11-28T14:27:54","modified_gmt":"2024-11-28T13:27:54","slug":"nyitvatartas","status":"publish","type":"page","link":"https:\/\/bazilikabudapest.hu\/en\/nyitvatartas\/","title":{"rendered":"Opening hours"},"content":{"rendered":"<div data-elementor-type=\"wp-page\" data-elementor-id=\"5131\" class=\"elementor elementor-5131\">\n\t\t\t\t<div class=\"elementor-element elementor-element-162a6f1 e-flex e-con-boxed e-con e-parent\" data-id=\"162a6f1\" data-element_type=\"container\" data-e-type=\"container\">\n\t\t\t\t\t<div class=\"e-con-inner\">\n\t\t\t\t<div class=\"elementor-element elementor-element-e17b36c elementor-widget elementor-widget-text-editor\" data-id=\"e17b36c\" data-element_type=\"widget\" data-e-type=\"widget\" data-widget_type=\"text-editor.default\">\n\t\t\t\t<div class=\"elementor-widget-container\">\n\t\t\t\t\t\t\t\t\t<h4><strong>OPENING HOURS OF ST STEPHEN'S BASILICA<\/strong><\/h4>\t\t\t\t\t\t\t\t<\/div>\n\t\t\t\t<\/div>\n\t\t\t\t\t<\/div>\n\t\t\t\t<\/div>\n\t\t<div class=\"elementor-element elementor-element-f8eec91 e-flex e-con-boxed e-con e-parent\" data-id=\"f8eec91\" data-element_type=\"container\" data-e-type=\"container\">\n\t\t\t\t\t<div class=\"e-con-inner\">\n\t\t\t\t<div class=\"elementor-element elementor-element-258e4ff elementor-widget elementor-widget-panric-heading-widget\" data-id=\"258e4ff\" data-element_type=\"widget\" data-e-type=\"widget\" data-widget_type=\"panric-heading-widget.default\">\n\t\t\t\t<div class=\"elementor-widget-container\">\n\t\t\t\t\t<div class=\"ric-module-title ric-style-1 ric-align-left ric-light\"><div class=\"ric-title\">Opening hours<\/div><\/div>\t\t\t\t<\/div>\n\t\t\t\t<\/div>\n\t\t\t\t\t<\/div>\n\t\t\t\t<\/div>\n\t\t<div class=\"elementor-element elementor-element-88426d1 e-flex e-con-boxed e-con e-parent\" data-id=\"88426d1\" data-element_type=\"container\" data-e-type=\"container\">\n\t\t\t\t\t<div class=\"e-con-inner\">\n\t\t<div class=\"elementor-element elementor-element-d5fd7e6 e-con-full e-flex e-con e-child\" data-id=\"d5fd7e6\" data-element_type=\"container\" data-e-type=\"container\">\n\t\t\t\t<div class=\"elementor-element elementor-element-f7b7ae9 elementor-widget elementor-widget-text-editor\" data-id=\"f7b7ae9\" data-element_type=\"widget\" data-e-type=\"widget\" data-widget_type=\"text-editor.default\">\n\t\t\t\t<div class=\"elementor-widget-container\">\n\t\t\t\t\t\t\t\t\t<div><h4><strong>Church hall\u00a0<\/strong><\/h4><ul><li style=\"list-style-type: none;\"><ul><li><h5>Monday-Saturday\u00a0 \u00a0 \u00a0 \u00a0 \u00a0 \u00a0 \u00a0<em>Ticketing<\/em>9:00 &#8211; 17:15<\/h5><\/li><li><h5>Sunday<em>\u00a0 \u00a0 \u00a0 \u00a0 \u00a0 \u00a0\u00a0<\/em><em>Ticketing<\/em>&#8230;&#8230;&#8230;&#8230;&#8230;&#8230;&#8230;12:30 &#8211; 17:15<\/h5><\/li><\/ul><\/li><\/ul><h4><strong>Panoramic Terrace and Treasury<\/strong><\/h4><ul><li style=\"list-style-type: none;\"><ul><li><h5>\u00a0 Monday-sunday\u00a0 \u00a0 \u00a0 \u00a0 \u00a0 \u00a0 \u00a0 \u00a0 \u00a0\u00a0<em>Ticketing<\/em>: &#8230;&#8230;&#8230;&#8230;&#8230;&#8230;..9:00 -18:30<\/h5><\/li><\/ul><\/li><\/ul><h5><strong>Ticket office<\/strong><\/h5><ul><li style=\"list-style-type: none;\"><ul><li><h5><em>Monday - Sunday<\/em>&#8230;&#8230;&#8230;&#8230;9:00 -18:30<\/h5><\/li><\/ul><\/li><\/ul><div style=\"text-align: justify;\">\u00a0<\/div><\/div>\t\t\t\t\t\t\t\t<\/div>\n\t\t\t\t<\/div>\n\t\t\t\t<\/div>\n\t\t\t\t\t<\/div>\n\t\t\t\t<\/div>\n\t\t\t\t<\/div>","protected":false},"excerpt":{"rendered":"<p>A SZENT ISTV\u00c1N BAZILIKA L\u00c1TOGAT\u00c1SI RENDJE Nyitvatart\u00e1s Bazilika templomtere\u00a0 H\u00e9tf\u0151 &#8211; Szombat:&#8230;&#8230;&#8230;.9:00\u00a0&#8211; 17:45\u00a0 \u00a0 \u00a0 \u00a0 \u00a0 \u00a0 \u00a0Jegykiad\u00e1s:&#8230;&#8230;&#8230;&#8230;&#8230;&#8230;&#8230;9:00 &#8211; 17:15 Vas\u00e1rnap:&#8230;&#8230;&#8230;&#8230;&#8230;&#8230;&#8230;13:00 &#8211; 17:45\u00a0 \u00a0 \u00a0 \u00a0 \u00a0 \u00a0\u00a0Jegykiad\u00e1s:&#8230;&#8230;&#8230;&#8230;&#8230;&#8230;&#8230;12:30 &#8211; 17:15 Panor\u00e1ma Terasz \u00e9s Kincst\u00e1r nyitvatart\u00e1sa \u00a0 H\u00e9tf\u0151 &#8211; vas\u00e1rnap\u00a0 9:00\u00a0&#8211; 19:00\u00a0 \u00a0 \u00a0 \u00a0 \u00a0 \u00a0 \u00a0 \u00a0 \u00a0\u00a0Jegykiad\u00e1s: &#8230;&#8230;&#8230;&#8230;&#8230;&#8230;..9:00 -18:30 Jegyiroda Nyitvatart\u00e1sa H\u00e9tf\u0151 &#8211; Vas\u00e1rnap&#8230;&#8230;&#8230;&#8230;9:00 -18:30 \u00a0<\/p>","protected":false},"author":1,"featured_media":5133,"parent":0,"menu_order":0,"comment_status":"closed","ping_status":"closed","template":"","meta":{"_price":"","_stock":"","_tribe_ticket_header":"","_tribe_default_ticket_provider":"","_tribe_ticket_capacity":"0","_ticket_start_date":"","_ticket_end_date":"","_tribe_ticket_show_description":"","_tribe_ticket_show_not_going":false,"_tribe_ticket_use_global_stock":"","_tribe_ticket_global_stock_level":"","_global_stock_mode":"","_global_stock_cap":"","_tribe_rsvp_for_event":"","_tribe_ticket_going_count":"","_tribe_ticket_not_going_count":"","_tribe_tickets_list":"[]","_tribe_ticket_has_attendee_info_fields":false,"footnotes":"","_tec_slr_enabled":"","_tec_slr_layout":""},"class_list":["post-5131","page","type-page","status-publish","has-post-thumbnail","hentry"],"ticketed":false,"_links":{"self":[{"href":"https:\/\/bazilikabudapest.hu\/en\/wp-json\/wp\/v2\/pages\/5131","targetHints":{"allow":["GET"]}}],"collection":[{"href":"https:\/\/bazilikabudapest.hu\/en\/wp-json\/wp\/v2\/pages"}],"about":[{"href":"https:\/\/bazilikabudapest.hu\/en\/wp-json\/wp\/v2\/types\/page"}],"author":[{"embeddable":true,"href":"https:\/\/bazilikabudapest.hu\/en\/wp-json\/wp\/v2\/users\/1"}],"replies":[{"embeddable":true,"href":"https:\/\/bazilikabudapest.hu\/en\/wp-json\/wp\/v2\/comments?post=5131"}],"version-history":[{"count":33,"href":"https:\/\/bazilikabudapest.hu\/en\/wp-json\/wp\/v2\/pages\/5131\/revisions"}],"predecessor-version":[{"id":9366,"href":"https:\/\/bazilikabudapest.hu\/en\/wp-json\/wp\/v2\/pages\/5131\/revisions\/9366"}],"wp:featuredmedia":[{"embeddable":true,"href":"https:\/\/bazilikabudapest.hu\/en\/wp-json\/wp\/v2\/media\/5133"}],"wp:attachment":[{"href":"https:\/\/bazilikabudapest.hu\/en\/wp-json\/wp\/v2\/media?parent=5131"}],"curies":[{"name":"wp","href":"https:\/\/api.w.org\/{rel}","templated":true}]}}