{"id":5178,"date":"2024-04-03T17:14:54","date_gmt":"2024-04-03T15:14:54","guid":{"rendered":"https:\/\/bazilikabudapest.hu\/?page_id=5178"},"modified":"2025-04-07T16:26:57","modified_gmt":"2025-04-07T14:26:57","slug":"egyeb-koncertek","status":"publish","type":"page","link":"https:\/\/bazilikabudapest.hu\/en\/egyeb-koncertek\/","title":{"rendered":"Egy\u00e9b koncertek"},"content":{"rendered":"<div data-elementor-type=\"wp-page\" data-elementor-id=\"5178\" class=\"elementor elementor-5178\">\n\t\t\t\t<div class=\"elementor-element elementor-element-45a7a01 e-grid e-con-boxed e-con e-parent\" data-id=\"45a7a01\" data-element_type=\"container\" data-e-type=\"container\">\n\t\t\t\t\t<div class=\"e-con-inner\">\n\t\t\t\t<div class=\"elementor-element elementor-element-0e5a28d elementor-widget elementor-widget-text-editor\" data-id=\"0e5a28d\" data-element_type=\"widget\" data-e-type=\"widget\" data-widget_type=\"text-editor.default\">\n\t\t\t\t<div class=\"elementor-widget-container\">\n\t\t\t\t\t\t\t\t\t<h6><b>Concert of the Centrum Echo Choir<\/b><\/h6><p><b>Date:<\/b> 23rd of April 2025\u00a0<br \/><b>Time:<\/b> 15:00<br \/><b>Entrance:<\/b> Through main entrance with church hall or all in one ticket.\u00a0<\/p><p>Centum Echo Choir is a Korean ensemble of singers performing the finest choral repertoire, ranging from traditional and contemporary choral works to famous opera choruses. It was founded in 2007(as a name of Centum Chorus) and has presented frequent performances. Recent concerts have included Beethoven's Choral Fantasy, Handel\u2019s Messiah, opera Cavalleria Rusticana, La Boh\u00e8me, La Traviata, L'elisir d'amore and G.Rossini\u2019s Petite messe solennelle. To connecting with its community, it has been participating in free community concerts and fund raising.\u00a0\u00a0<\/p>\t\t\t\t\t\t\t\t<\/div>\n\t\t\t\t<\/div>\n\t\t<div class=\"elementor-element elementor-element-1227c09 e-con-full e-flex e-con e-child\" data-id=\"1227c09\" data-element_type=\"container\" data-e-type=\"container\">\n\t\t\t\t<div class=\"elementor-element elementor-element-c3d116d elementor-widget elementor-widget-image\" data-id=\"c3d116d\" data-element_type=\"widget\" data-e-type=\"widget\" data-widget_type=\"image.default\">\n\t\t\t\t<div class=\"elementor-widget-container\">\n\t\t\t\t\t\t\t\t\t\t\t\t\t\t\t<img fetchpriority=\"high\" decoding=\"async\" width=\"719\" height=\"1024\" src=\"https:\/\/bazilikabudapest.hu\/wp-content\/themes\/panric\/includes\/assets\/img\/placeholder.png\" class=\"attachment-large size-large wp-image-8570 ric-lazy-load\" alt=\"\" data-src=\"https:\/\/bazilikabudapest.hu\/wp-content\/uploads\/2025\/04\/poster-719x1024.jpg\" data-srcset=\"https:\/\/bazilikabudapest.hu\/wp-content\/uploads\/2025\/04\/poster-719x1024.jpg 719w, https:\/\/bazilikabudapest.hu\/wp-content\/uploads\/2025\/04\/poster-211x300.jpg 211w, https:\/\/bazilikabudapest.hu\/wp-content\/uploads\/2025\/04\/poster-768x1094.jpg 768w, https:\/\/bazilikabudapest.hu\/wp-content\/uploads\/2025\/04\/poster-1079x1536.jpg 1079w, https:\/\/bazilikabudapest.hu\/wp-content\/uploads\/2025\/04\/poster-8x12.jpg 8w, https:\/\/bazilikabudapest.hu\/wp-content\/uploads\/2025\/04\/poster-415x591.jpg 415w, https:\/\/bazilikabudapest.hu\/wp-content\/uploads\/2025\/04\/poster-650x926.jpg 650w, https:\/\/bazilikabudapest.hu\/wp-content\/uploads\/2025\/04\/poster-250x356.jpg 250w, https:\/\/bazilikabudapest.hu\/wp-content\/uploads\/2025\/04\/poster.jpg 1085w\" data-sizes=\"(max-width: 719px) 100vw, 719px\" \/>\t\t\t\t\t\t\t\t\t\t\t\t\t\t\t<\/div>\n\t\t\t\t<\/div>\n\t\t\t\t<\/div>\n\t\t\t\t\t<\/div>\n\t\t\t\t<\/div>\n\t\t<div class=\"elementor-element elementor-element-6c7182c e-flex e-con-boxed e-con e-parent\" data-id=\"6c7182c\" data-element_type=\"container\" data-e-type=\"container\">\n\t\t\t\t\t<div class=\"e-con-inner\">\n\t\t\t\t<div class=\"elementor-element elementor-element-a3abb55 elementor-widget-divider--view-line_text elementor-widget-divider--element-align-center elementor-widget elementor-widget-divider\" data-id=\"a3abb55\" data-element_type=\"widget\" data-e-type=\"widget\" data-widget_type=\"divider.default\">\n\t\t\t\t<div class=\"elementor-widget-container\">\n\t\t\t\t\t\t\t<div class=\"elementor-divider\">\n\t\t\t<span class=\"elementor-divider-separator\">\n\t\t\t\t\t\t\t<span class=\"elementor-divider__text elementor-divider__element\">\n\t\t\t\tPrevious concerts\t\t\t\t<\/span>\n\t\t\t\t\t\t<\/span>\n\t\t<\/div>\n\t\t\t\t\t\t<\/div>\n\t\t\t\t<\/div>\n\t\t\t\t\t<\/div>\n\t\t\t\t<\/div>\n\t\t\t\t<\/div>","protected":false},"excerpt":{"rendered":"<p>Centrum Echo K\u00f3rus Koncertje D\u00e1tum: 2025. \u00e1prilis 23.\u00a0Id\u0151pont: 15:00Bel\u00e9p\u00e9s: a f\u0151bej\u00e1raton kereszt\u00fcl templomt\u00e9ri vagy kombin\u00e1lt jeggyel.\u00a0 A Centrum Echo K\u00f3rus, amely 2007-ben alakult, egy koreai \u00e9nekesekb\u0151l \u00e1ll\u00f3 egy\u00fcttes, amelynek reperto\u00e1rj\u00e1ban jelen vannak a hagyom\u00e1nyos \u00e9s kort\u00e1rs k\u00f3rusm\u0171vek, de a h\u00edres oper\u00e1k k\u00f3rus bet\u00e9tei is.\u00a0\u00a0 Elm\u00falt koncertek<\/p>","protected":false},"author":1,"featured_media":5180,"parent":0,"menu_order":0,"comment_status":"closed","ping_status":"closed","template":"","meta":{"_price":"","_stock":"","_tribe_ticket_header":"","_tribe_default_ticket_provider":"","_tribe_ticket_capacity":"0","_ticket_start_date":"","_ticket_end_date":"","_tribe_ticket_show_description":"","_tribe_ticket_show_not_going":false,"_tribe_ticket_use_global_stock":"","_tribe_ticket_global_stock_level":"","_global_stock_mode":"","_global_stock_cap":"","_tribe_rsvp_for_event":"","_tribe_ticket_going_count":"","_tribe_ticket_not_going_count":"","_tribe_tickets_list":"[]","_tribe_ticket_has_attendee_info_fields":false,"footnotes":"","_tec_slr_enabled":"","_tec_slr_layout":""},"class_list":["post-5178","page","type-page","status-publish","has-post-thumbnail","hentry"],"ticketed":false,"_links":{"self":[{"href":"https:\/\/bazilikabudapest.hu\/en\/wp-json\/wp\/v2\/pages\/5178","targetHints":{"allow":["GET"]}}],"collection":[{"href":"https:\/\/bazilikabudapest.hu\/en\/wp-json\/wp\/v2\/pages"}],"about":[{"href":"https:\/\/bazilikabudapest.hu\/en\/wp-json\/wp\/v2\/types\/page"}],"author":[{"embeddable":true,"href":"https:\/\/bazilikabudapest.hu\/en\/wp-json\/wp\/v2\/users\/1"}],"replies":[{"embeddable":true,"href":"https:\/\/bazilikabudapest.hu\/en\/wp-json\/wp\/v2\/comments?post=5178"}],"version-history":[{"count":41,"href":"https:\/\/bazilikabudapest.hu\/en\/wp-json\/wp\/v2\/pages\/5178\/revisions"}],"predecessor-version":[{"id":9019,"href":"https:\/\/bazilikabudapest.hu\/en\/wp-json\/wp\/v2\/pages\/5178\/revisions\/9019"}],"wp:featuredmedia":[{"embeddable":true,"href":"https:\/\/bazilikabudapest.hu\/en\/wp-json\/wp\/v2\/media\/5180"}],"wp:attachment":[{"href":"https:\/\/bazilikabudapest.hu\/en\/wp-json\/wp\/v2\/media?parent=5178"}],"curies":[{"name":"wp","href":"https:\/\/api.w.org\/{rel}","templated":true}]}}