{"id":5252,"date":"2024-04-05T18:16:57","date_gmt":"2024-04-05T16:16:57","guid":{"rendered":"https:\/\/bazilikabudapest.hu\/?page_id=5252"},"modified":"2025-01-16T11:36:54","modified_gmt":"2025-01-16T10:36:54","slug":"hivatali-nyitvatartas","status":"publish","type":"page","link":"https:\/\/bazilikabudapest.hu\/en\/hivatali-nyitvatartas\/","title":{"rendered":"Office opening hours"},"content":{"rendered":"<div data-elementor-type=\"wp-page\" data-elementor-id=\"5252\" class=\"elementor elementor-5252\">\n\t\t\t\t<div class=\"elementor-element elementor-element-08bd272 e-flex e-con-boxed e-con e-parent\" data-id=\"08bd272\" data-element_type=\"container\" data-e-type=\"container\">\n\t\t\t\t\t<div class=\"e-con-inner\">\n\t\t<div class=\"elementor-element elementor-element-a6e5216 e-con-full e-flex e-con e-child\" data-id=\"a6e5216\" data-element_type=\"container\" data-e-type=\"container\">\n\t\t\t\t<div class=\"elementor-element elementor-element-b9962f7 elementor-widget elementor-widget-panric-heading-widget\" data-id=\"b9962f7\" data-element_type=\"widget\" data-e-type=\"widget\" data-widget_type=\"panric-heading-widget.default\">\n\t\t\t\t<div class=\"elementor-widget-container\">\n\t\t\t\t\t<div class=\"ric-module-title ric-style-1 ric-align-left ric-light\"><div class=\"ric-title\">PARISH OFFICE <\/div><\/div>\t\t\t\t<\/div>\n\t\t\t\t<\/div>\n\t\t\t\t<div class=\"elementor-element elementor-element-42e332b elementor-widget elementor-widget-text-editor\" data-id=\"42e332b\" data-element_type=\"widget\" data-e-type=\"widget\" data-widget_type=\"text-editor.default\">\n\t\t\t\t<div class=\"elementor-widget-container\">\n\t\t\t\t\t\t\t\t\t<div>1051 Budapest, Hercegpr\u00edm\u00e1s street 7. 1st floor<\/div><div>Phone: +3613172859<\/div><div>Fax: +3613280773<\/div><div>E-mail:\u00a0<a href=\"mailto:hivatal@basilica.hu\">hivatal@basilica.hu<\/a><\/div>\t\t\t\t\t\t\t\t<\/div>\n\t\t\t\t<\/div>\n\t\t\t\t<div class=\"elementor-element elementor-element-912502d elementor-widget elementor-widget-text-editor\" data-id=\"912502d\" data-element_type=\"widget\" data-e-type=\"widget\" data-widget_type=\"text-editor.default\">\n\t\t\t\t<div class=\"elementor-widget-container\">\n\t\t\t\t\t\t\t\t\t<p><strong>DUE TIME<\/strong><\/p><p>Monday: 10:00 - 12:00 and 16:00 - 17:00<br \/>Tuesday: 10:00 - 12:00<br \/>Wednesday: 10:00 - 12:00 and 16:00 - 17:00<br \/>Thursday: 10:00 - 12:00 and 16:00 - 17:00<br \/>Friday: 16:00 - 17:00<\/p>\t\t\t\t\t\t\t\t<\/div>\n\t\t\t\t<\/div>\n\t\t\t\t<\/div>\n\t\t<div class=\"elementor-element elementor-element-4a43e13 e-con-full e-flex e-con e-child\" data-id=\"4a43e13\" data-element_type=\"container\" data-e-type=\"container\">\n\t\t\t\t<div class=\"elementor-element elementor-element-49b1486 elementor-widget elementor-widget-panric-heading-widget\" data-id=\"49b1486\" data-element_type=\"widget\" data-e-type=\"widget\" data-widget_type=\"panric-heading-widget.default\">\n\t\t\t\t<div class=\"elementor-widget-container\">\n\t\t\t\t\t<div class=\"ric-module-title ric-style-1 ric-align-left ric-light\"><div class=\"ric-title\">MEMORIAL OFFICE<\/div><\/div>\t\t\t\t<\/div>\n\t\t\t\t<\/div>\n\t\t\t\t<div class=\"elementor-element elementor-element-f5cadf1 elementor-widget elementor-widget-text-editor\" data-id=\"f5cadf1\" data-element_type=\"widget\" data-e-type=\"widget\" data-widget_type=\"text-editor.default\">\n\t\t\t\t<div class=\"elementor-widget-container\">\n\t\t\t\t\t\t\t\t\t<div>1051 Budapest, Szent Istv\u00e1n square 1. (the entrance is at the side of the Bajcsy-Zsilinszky street)\u00a0<\/div><div>Phone\/fax: +3613320873<\/div><div>E-mail:\u00a0<a href=\"mailto:kegyelet@basilica.hu\">kegyelet@basilica.hu<\/a><\/div><div>\u00a0<\/div><div><strong>DUE TIME<\/strong><\/div><div>\u00a0<\/div><div>Tuesday: 14:00 - 17:00<\/div><div><p>Friday: 10:00 - 13:00<\/p><\/div>\t\t\t\t\t\t\t\t<\/div>\n\t\t\t\t<\/div>\n\t\t\t\t<\/div>\n\t\t\t\t\t<\/div>\n\t\t\t\t<\/div>\n\t\t<div class=\"elementor-element elementor-element-5bc9d8b e-flex e-con-boxed e-con e-parent\" data-id=\"5bc9d8b\" data-element_type=\"container\" data-e-type=\"container\">\n\t\t\t\t\t<div class=\"e-con-inner\">\n\t\t<div class=\"elementor-element elementor-element-89dce36 e-con-full e-flex e-con e-child\" data-id=\"89dce36\" data-element_type=\"container\" data-e-type=\"container\">\n\t\t\t\t<div class=\"elementor-element elementor-element-2d453d1 elementor-widget elementor-widget-panric-heading-widget\" data-id=\"2d453d1\" data-element_type=\"widget\" data-e-type=\"widget\" data-widget_type=\"panric-heading-widget.default\">\n\t\t\t\t<div class=\"elementor-widget-container\">\n\t\t\t\t\t<div class=\"ric-module-title ric-style-1 ric-align-left ric-light\"><div class=\"ric-title\">PARISH OFFICE SAINT STEPHEN'S BASILICA <\/div><\/div>\t\t\t\t<\/div>\n\t\t\t\t<\/div>\n\t\t\t\t<div class=\"elementor-element elementor-element-4120b7f elementor-widget elementor-widget-text-editor\" data-id=\"4120b7f\" data-element_type=\"widget\" data-e-type=\"widget\" data-widget_type=\"text-editor.default\">\n\t\t\t\t<div class=\"elementor-widget-container\">\n\t\t\t\t\t\t\t\t\t<div>Headquarters: 1051 Budapest, Hercegpr\u00edm\u00e1s street 7. 1st floor<br \/>Tax number: 19818719-2-41<\/div><div>Bank account number:<\/div><div><div>IBAN: HU73 1170 5008 2028 0008 0000 0000<\/div><div>BIC(SWIFT) code: OTPVHUHB<\/div><\/div>\t\t\t\t\t\t\t\t<\/div>\n\t\t\t\t<\/div>\n\t\t\t\t<\/div>\n\t\t<div class=\"elementor-element elementor-element-eb4ba9d e-con-full e-flex e-con e-child\" data-id=\"eb4ba9d\" data-element_type=\"container\" data-e-type=\"container\">\n\t\t\t\t<div class=\"elementor-element elementor-element-7903a49 elementor-widget elementor-widget-panric-heading-widget\" data-id=\"7903a49\" data-element_type=\"widget\" data-e-type=\"widget\" data-widget_type=\"panric-heading-widget.default\">\n\t\t\t\t<div class=\"elementor-widget-container\">\n\t\t\t\t\t<div class=\"ric-module-title ric-style-1 ric-align-left ric-light\"><div class=\"ric-title\">THE WARDEN OF THE SAINT STEPHEN'S BASILICA<\/div><\/div>\t\t\t\t<\/div>\n\t\t\t\t<\/div>\n\t\t\t\t<div class=\"elementor-element elementor-element-230a256 elementor-widget elementor-widget-text-editor\" data-id=\"230a256\" data-element_type=\"widget\" data-e-type=\"widget\" data-widget_type=\"text-editor.default\">\n\t\t\t\t<div class=\"elementor-widget-container\">\n\t\t\t\t\t\t\t\t\t<div>Headquarters: 1051 Budapest, Hercegpr\u00edm\u00e1s street 7. 1st floor<br \/>Tax number: 18131990-2-41<\/div><div>Bank account number: 11705008-29907140<\/div><div><div>IBAN: HU22 1170 5008 2990 7140 0000 0000\u00a0<\/div><div>BIC(SWIFT) code: OTPVHUHB<\/div><\/div>\t\t\t\t\t\t\t\t<\/div>\n\t\t\t\t<\/div>\n\t\t\t\t<\/div>\n\t\t\t\t\t<\/div>\n\t\t\t\t<\/div>\n\t\t<div class=\"elementor-element elementor-element-f1a41e2 e-flex e-con-boxed e-con e-parent\" data-id=\"f1a41e2\" data-element_type=\"container\" data-e-type=\"container\">\n\t\t\t\t\t<div class=\"e-con-inner\">\n\t\t<div class=\"elementor-element elementor-element-eb29f7b e-con-full e-flex e-con e-child\" data-id=\"eb29f7b\" data-element_type=\"container\" data-e-type=\"container\">\n\t\t\t\t<div class=\"elementor-element elementor-element-5bc19a8 elementor-widget elementor-widget-panric-heading-widget\" data-id=\"5bc19a8\" data-element_type=\"widget\" data-e-type=\"widget\" data-widget_type=\"panric-heading-widget.default\">\n\t\t\t\t<div class=\"elementor-widget-container\">\n\t\t\t\t\t<div class=\"ric-module-title ric-style-1 ric-align-left ric-light\"><div class=\"ric-title\">THE FOUNDATION \"FOR THE BASILICA\"<\/div><\/div>\t\t\t\t<\/div>\n\t\t\t\t<\/div>\n\t\t\t\t<div class=\"elementor-element elementor-element-0d23437 elementor-widget elementor-widget-text-editor\" data-id=\"0d23437\" data-element_type=\"widget\" data-e-type=\"widget\" data-widget_type=\"text-editor.default\">\n\t\t\t\t<div class=\"elementor-widget-container\">\n\t\t\t\t\t\t\t\t\t<p>The Foundation was founded in 1991. Its purpose is to support the preservation, conservation and renovation of the St. Stephen's Basilica.<\/p><p><strong>Tax number<\/strong>: 19660121-2-41<br \/><strong>Account number<\/strong>: 10102086-02229202-00000001<\/p>\t\t\t\t\t\t\t\t<\/div>\n\t\t\t\t<\/div>\n\t\t\t\t<\/div>\n\t\t<div class=\"elementor-element elementor-element-669af06 e-con-full e-flex e-con e-child\" data-id=\"669af06\" data-element_type=\"container\" data-e-type=\"container\">\n\t\t\t\t<div class=\"elementor-element elementor-element-a5ea5b9 elementor-widget elementor-widget-panric-heading-widget\" data-id=\"a5ea5b9\" data-element_type=\"widget\" data-e-type=\"widget\" data-widget_type=\"panric-heading-widget.default\">\n\t\t\t\t<div class=\"elementor-widget-container\">\n\t\t\t\t\t<div class=\"ric-module-title ric-style-1 ric-align-left ric-light\"><div class=\"ric-title\">ST. STEPHEN'S BASILICA CHARITY<\/div><\/div>\t\t\t\t<\/div>\n\t\t\t\t<\/div>\n\t\t\t\t<div class=\"elementor-element elementor-element-31a8c5e elementor-widget elementor-widget-text-editor\" data-id=\"31a8c5e\" data-element_type=\"widget\" data-e-type=\"widget\" data-widget_type=\"text-editor.default\">\n\t\t\t\t<div class=\"elementor-widget-container\">\n\t\t\t\t\t\t\t\t\t<p>1051 Budapest, Hercegpr\u00edm\u00e1s street 7. 1st floor<\/p><p><strong>Welcome Hour:<\/strong> <br \/>Thursday of the 1st and 3rd week of each month <br \/>9:00 - 11:00 and 15:00 - 17:00<\/p>\t\t\t\t\t\t\t\t<\/div>\n\t\t\t\t<\/div>\n\t\t\t\t<\/div>\n\t\t\t\t\t<\/div>\n\t\t\t\t<\/div>\n\t\t<div class=\"elementor-element elementor-element-db84572 e-flex e-con-boxed e-con e-parent\" data-id=\"db84572\" data-element_type=\"container\" data-e-type=\"container\">\n\t\t\t\t\t<div class=\"e-con-inner\">\n\t\t\t\t<div class=\"elementor-element elementor-element-04977e1 elementor-widget elementor-widget-panric-heading-widget\" data-id=\"04977e1\" data-element_type=\"widget\" data-e-type=\"widget\" data-widget_type=\"panric-heading-widget.default\">\n\t\t\t\t<div class=\"elementor-widget-container\">\n\t\t\t\t\t<div class=\"ric-module-title ric-style-1 ric-align-left ric-light\"><div class=\"ric-title\">St. Stephen's Basilica Warden<\/div><\/div>\t\t\t\t<\/div>\n\t\t\t\t<\/div>\n\t\t\t\t\t<\/div>\n\t\t\t\t<\/div>\n\t\t<div class=\"elementor-element elementor-element-5104225 e-flex e-con-boxed e-con e-parent\" data-id=\"5104225\" data-element_type=\"container\" data-e-type=\"container\">\n\t\t\t\t\t<div class=\"e-con-inner\">\n\t\t<div class=\"elementor-element elementor-element-fd28238 e-con-full e-flex e-con e-child\" data-id=\"fd28238\" data-element_type=\"container\" data-e-type=\"container\">\n\t\t\t\t<div class=\"elementor-element elementor-element-0e0d914 elementor-widget elementor-widget-panric-heading-widget\" data-id=\"0e0d914\" data-element_type=\"widget\" data-e-type=\"widget\" data-widget_type=\"panric-heading-widget.default\">\n\t\t\t\t<div class=\"elementor-widget-container\">\n\t\t\t\t\t<div class=\"ric-module-title ric-style-1 ric-align-left ric-light\"><div class=\"ric-sub-title\"><span>Head of the institution<\/span><\/div><div class=\"ric-title\">Aron Ernyey<\/div><\/div>\t\t\t\t<\/div>\n\t\t\t\t<\/div>\n\t\t\t\t<div class=\"elementor-element elementor-element-b07eb88 elementor-widget elementor-widget-text-editor\" data-id=\"b07eb88\" data-element_type=\"widget\" data-e-type=\"widget\" data-widget_type=\"text-editor.default\">\n\t\t\t\t<div class=\"elementor-widget-container\">\n\t\t\t\t\t\t\t\t\t<p>Phone: +36 (1) 311 0839\u00a0<br \/>E-mail:<a href=\"mailto:segretario@basilica.hu\">\u00a0gondnoksag@basilica.hu<\/a><\/p>\t\t\t\t\t\t\t\t<\/div>\n\t\t\t\t<\/div>\n\t\t\t\t<\/div>\n\t\t<div class=\"elementor-element elementor-element-5991127 e-con-full e-flex e-con e-child\" data-id=\"5991127\" data-element_type=\"container\" data-e-type=\"container\">\n\t\t\t\t<div class=\"elementor-element elementor-element-0524c72 elementor-widget elementor-widget-panric-heading-widget\" data-id=\"0524c72\" data-element_type=\"widget\" data-e-type=\"widget\" data-widget_type=\"panric-heading-widget.default\">\n\t\t\t\t<div class=\"elementor-widget-container\">\n\t\t\t\t\t<div class=\"ric-module-title ric-style-1 ric-align-left ric-light\"><div class=\"ric-sub-title\"><span>Secretary<\/span><\/div><div class=\"ric-title\">Adorjan Juhasz<\/div><\/div>\t\t\t\t<\/div>\n\t\t\t\t<\/div>\n\t\t\t\t<div class=\"elementor-element elementor-element-b5845dd elementor-widget elementor-widget-text-editor\" data-id=\"b5845dd\" data-element_type=\"widget\" data-e-type=\"widget\" data-widget_type=\"text-editor.default\">\n\t\t\t\t<div class=\"elementor-widget-container\">\n\t\t\t\t\t\t\t\t\t<p>Phone: +36 (1) 311 0839 ext. 101<br \/>Mobil: +36302100053<br \/>E-mail:\u00a0<a href=\"mailto:segretario@basilica.hu\">segretario@basilica.hu<\/a><\/p>\t\t\t\t\t\t\t\t<\/div>\n\t\t\t\t<\/div>\n\t\t\t\t<\/div>\n\t\t<div class=\"elementor-element elementor-element-6f37c5b e-con-full e-flex e-con e-child\" data-id=\"6f37c5b\" data-element_type=\"container\" data-e-type=\"container\">\n\t\t\t\t<div class=\"elementor-element elementor-element-8febcdc elementor-widget elementor-widget-panric-heading-widget\" data-id=\"8febcdc\" data-element_type=\"widget\" data-e-type=\"widget\" data-widget_type=\"panric-heading-widget.default\">\n\t\t\t\t<div class=\"elementor-widget-container\">\n\t\t\t\t\t<div class=\"ric-module-title ric-style-1 ric-align-left ric-light\"><div class=\"ric-sub-title\"><span>Head of Office<\/span><\/div><div class=\"ric-title\">Rozsa Tar<\/div><\/div>\t\t\t\t<\/div>\n\t\t\t\t<\/div>\n\t\t\t\t<div class=\"elementor-element elementor-element-0524d7c elementor-widget elementor-widget-text-editor\" data-id=\"0524d7c\" data-element_type=\"widget\" data-e-type=\"widget\" data-widget_type=\"text-editor.default\">\n\t\t\t\t<div class=\"elementor-widget-container\">\n\t\t\t\t\t\t\t\t\t<div class=\"category-view category-list\"><div><p>Phone: +36 (1) 318 9159<br \/>E-mail:\u00a0<a href=\"mailto:gazdasagiiroda@basilica.hu\">gazdasagiiroda@basilica.hu<\/a><\/p><\/div><\/div><div class=\"social float-left w-100 mb-3\"><div class=\"row\"><div class=\"col-sm-12 mt-3\"><div class=\"addthis_inline_share_toolbox\">\u00a0<\/div><\/div><div class=\"col-sm-12 mt-3\">\u00a0<\/div><\/div><\/div>\t\t\t\t\t\t\t\t<\/div>\n\t\t\t\t<\/div>\n\t\t\t\t<\/div>\n\t\t\t\t\t<\/div>\n\t\t\t\t<\/div>\n\t\t\t\t<\/div>","protected":false},"excerpt":{"rendered":"<p>PL\u00c9B\u00c1NIA HIVATAL 1051 Budapest, Hercegpr\u00edm\u00e1s utca 7. I. em.Telefon: +3613172859Fax: +3613280773E-mail:\u00a0hivatal@basilica.hu HIVATALI ID\u0150 H\u00e9tf\u0151:\u00a0 \u00a0 \u00a0 \u00a0 \u00a0 \u00a010:00 &#8211; 12:00 \u00e9s 16:00 &#8211; 17:00-igKedd:\u00a0 \u00a0 \u00a0 \u00a0 \u00a0 \u00a0 10:00 &#8211; 12:00-igSzerda:\u00a0 \u00a0 \u00a0 \u00a0 \u00a0 10:00 &#8211; 12:00 \u00e9s 16:00 &#8211; 17:00-igCs\u00fct\u00f6rt\u00f6k:\u00a0 \u00a0 10:00 &#8211; 12:00 \u00e9s 16:00 &#8211; 17:00-igP\u00e9ntek:\u00a0 \u00a0 \u00a0 \u00a0 \u00a016:00 &#8211; 17:00-ig KEGYELETI IRODA 1051. Budapest, Szent Istv\u00e1n t\u00e9r 1. (Bej\u00e1rat a Bajcsy-Zs. \u00fat fel\u0151l)\u00a0Telefon\/fax: +3613320873Email:\u00a0kegyelet@basilica.hu\u00a0HIVATALI ID\u0150\u00a0Kedd:\u00a0 \u00a0 \u00a0 \u00a0 \u00a0 \u00a014:00 &#8211; 17:00-ig P\u00e9ntek:\u00a0 \u00a0 \u00a0 \u00a0 \u00a0 \u00a010:00 &#8211; 13:00-ig SZENT ISTV\u00c1N&#8230;<\/p>","protected":false},"author":1,"featured_media":0,"parent":0,"menu_order":0,"comment_status":"closed","ping_status":"closed","template":"","meta":{"_price":"","_stock":"","_tribe_ticket_header":"","_tribe_default_ticket_provider":"","_tribe_ticket_capacity":"0","_ticket_start_date":"","_ticket_end_date":"","_tribe_ticket_show_description":"","_tribe_ticket_show_not_going":false,"_tribe_ticket_use_global_stock":"","_tribe_ticket_global_stock_level":"","_global_stock_mode":"","_global_stock_cap":"","_tribe_rsvp_for_event":"","_tribe_ticket_going_count":"","_tribe_ticket_not_going_count":"","_tribe_tickets_list":"[]","_tribe_ticket_has_attendee_info_fields":false,"footnotes":"","_tec_slr_enabled":"","_tec_slr_layout":""},"class_list":["post-5252","page","type-page","status-publish","hentry"],"ticketed":false,"_links":{"self":[{"href":"https:\/\/bazilikabudapest.hu\/en\/wp-json\/wp\/v2\/pages\/5252","targetHints":{"allow":["GET"]}}],"collection":[{"href":"https:\/\/bazilikabudapest.hu\/en\/wp-json\/wp\/v2\/pages"}],"about":[{"href":"https:\/\/bazilikabudapest.hu\/en\/wp-json\/wp\/v2\/types\/page"}],"author":[{"embeddable":true,"href":"https:\/\/bazilikabudapest.hu\/en\/wp-json\/wp\/v2\/users\/1"}],"replies":[{"embeddable":true,"href":"https:\/\/bazilikabudapest.hu\/en\/wp-json\/wp\/v2\/comments?post=5252"}],"version-history":[{"count":23,"href":"https:\/\/bazilikabudapest.hu\/en\/wp-json\/wp\/v2\/pages\/5252\/revisions"}],"predecessor-version":[{"id":9095,"href":"https:\/\/bazilikabudapest.hu\/en\/wp-json\/wp\/v2\/pages\/5252\/revisions\/9095"}],"wp:attachment":[{"href":"https:\/\/bazilikabudapest.hu\/en\/wp-json\/wp\/v2\/media?parent=5252"}],"curies":[{"name":"wp","href":"https:\/\/api.w.org\/{rel}","templated":true}]}}