{"id":5677,"date":"2024-05-08T13:29:55","date_gmt":"2024-05-08T11:29:55","guid":{"rendered":"https:\/\/bazilikabudapest.hu\/?page_id=5677"},"modified":"2025-02-18T14:26:13","modified_gmt":"2025-02-18T13:26:13","slug":"esemenyek-a-bazilikaban","status":"publish","type":"page","link":"https:\/\/bazilikabudapest.hu\/en\/esemenyek-a-bazilikaban\/","title":{"rendered":"Events in the Basilica"},"content":{"rendered":"<div data-elementor-type=\"wp-page\" data-elementor-id=\"5677\" class=\"elementor elementor-5677\">\n\t\t\t\t<div class=\"elementor-element elementor-element-629b688 e-con-full e-flex e-con e-parent\" data-id=\"629b688\" data-element_type=\"container\" data-e-type=\"container\">\n\t\t\t\t<div class=\"elementor-element elementor-element-7388c44 elementor-widget elementor-widget-panric-blog-widget\" data-id=\"7388c44\" data-element_type=\"widget\" data-e-type=\"widget\" data-widget_type=\"panric-blog-widget.default\">\n\t\t\t\t<div class=\"elementor-widget-container\">\n\t\t\t\t\t<div class=\"ric-article-list\"><div class=\"ric-post-listing ric-style-3 ric-light ric-align-center\"><div class=\"ric-grid ric-grid-2 ric-spacing-20\"><div class=\"ric-grid-col\"><div class=\"ric-item\"><div class=\"ric-image\"><a href=\"https:\/\/bazilikabudapest.hu\/en\/2024\/03\/27\/puspokszenteles\/\"><img fetchpriority=\"high\" decoding=\"async\" width=\"500\" height=\"333\" src=\"https:\/\/bazilikabudapest.hu\/wp-content\/themes\/panric\/includes\/assets\/img\/placeholder.png\" class=\"attachment-panric-post-5 size-panric-post-5 ric-lazy-load wp-post-image\" alt=\"\" data-src=\"https:\/\/bazilikabudapest.hu\/wp-content\/uploads\/2024\/03\/500x500_2.jpg\" data-srcset=\"https:\/\/bazilikabudapest.hu\/wp-content\/uploads\/2024\/03\/500x500_2.jpg 500w, https:\/\/bazilikabudapest.hu\/wp-content\/uploads\/2024\/03\/500x500_2-300x200.jpg 300w, https:\/\/bazilikabudapest.hu\/wp-content\/uploads\/2024\/03\/500x500_2-415x276.jpg 415w, https:\/\/bazilikabudapest.hu\/wp-content\/uploads\/2024\/03\/500x500_2-250x167.jpg 250w\" data-sizes=\"(max-width: 500px) 100vw, 500px\" \/><\/a><\/div><div class=\"ric-content\"><div class=\"ric-content-inner\"><div class=\"ric-post-header\"><div class=\"ric-title\"><a href=\"https:\/\/bazilikabudapest.hu\/en\/2024\/03\/27\/puspokszenteles\/\">BALAZS LEVENTE MARTOS' ORDINATION TO EPISCOPATE - 4th March 2023<\/a><\/div><\/div><\/div><\/div><\/div><\/div><div class=\"ric-grid-col\"><div class=\"ric-item\"><div class=\"ric-image\"><a href=\"https:\/\/bazilikabudapest.hu\/en\/2024\/03\/27\/husveti-vigilia-2023\/\"><img decoding=\"async\" width=\"500\" height=\"333\" src=\"https:\/\/bazilikabudapest.hu\/wp-content\/themes\/panric\/includes\/assets\/img\/placeholder.png\" class=\"attachment-panric-post-5 size-panric-post-5 ric-lazy-load wp-post-image\" alt=\"\" data-src=\"https:\/\/bazilikabudapest.hu\/wp-content\/uploads\/2024\/03\/500x500_19-2.jpg\" data-srcset=\"https:\/\/bazilikabudapest.hu\/wp-content\/uploads\/2024\/03\/500x500_19-2.jpg 500w, https:\/\/bazilikabudapest.hu\/wp-content\/uploads\/2024\/03\/500x500_19-2-300x200.jpg 300w, https:\/\/bazilikabudapest.hu\/wp-content\/uploads\/2024\/03\/500x500_19-2-415x276.jpg 415w, https:\/\/bazilikabudapest.hu\/wp-content\/uploads\/2024\/03\/500x500_19-2-250x167.jpg 250w\" data-sizes=\"(max-width: 500px) 100vw, 500px\" \/><\/a><\/div><div class=\"ric-content\"><div class=\"ric-content-inner\"><div class=\"ric-post-header\"><div class=\"ric-title\"><a href=\"https:\/\/bazilikabudapest.hu\/en\/2024\/03\/27\/husveti-vigilia-2023\/\">EASTER VIGIL - 2023<\/a><\/div><\/div><\/div><\/div><\/div><\/div><\/div><\/div><\/div>\t\t\t\t<\/div>\n\t\t\t\t<\/div>\n\t\t\t\t<\/div>\n\t\t\t\t<\/div>","protected":false},"excerpt":{"rendered":"<p>A SZENTATYA L\u00c1TOGAT\u00c1SA A BAZILIK\u00c1BAN &#8211; 2023.04.28.MARTOS LEVENTE BAL\u00c1ZS ATYA P\u00dcSP\u00d6KK\u00c9 SZENTEL\u00c9SE &#8211; 2023.03.04.H\u00daSV\u00c9TI VIG\u00cdLIA-2023.<\/p>","protected":false},"author":1,"featured_media":6478,"parent":0,"menu_order":0,"comment_status":"closed","ping_status":"closed","template":"","meta":{"_price":"","_stock":"","_tribe_ticket_header":"","_tribe_default_ticket_provider":"","_tribe_ticket_capacity":"0","_ticket_start_date":"","_ticket_end_date":"","_tribe_ticket_show_description":"","_tribe_ticket_show_not_going":false,"_tribe_ticket_use_global_stock":"","_tribe_ticket_global_stock_level":"","_global_stock_mode":"","_global_stock_cap":"","_tribe_rsvp_for_event":"","_tribe_ticket_going_count":"","_tribe_ticket_not_going_count":"","_tribe_tickets_list":"[]","_tribe_ticket_has_attendee_info_fields":false,"footnotes":"","_tec_slr_enabled":"","_tec_slr_layout":""},"class_list":["post-5677","page","type-page","status-publish","has-post-thumbnail","hentry"],"ticketed":false,"_links":{"self":[{"href":"https:\/\/bazilikabudapest.hu\/en\/wp-json\/wp\/v2\/pages\/5677","targetHints":{"allow":["GET"]}}],"collection":[{"href":"https:\/\/bazilikabudapest.hu\/en\/wp-json\/wp\/v2\/pages"}],"about":[{"href":"https:\/\/bazilikabudapest.hu\/en\/wp-json\/wp\/v2\/types\/page"}],"author":[{"embeddable":true,"href":"https:\/\/bazilikabudapest.hu\/en\/wp-json\/wp\/v2\/users\/1"}],"replies":[{"embeddable":true,"href":"https:\/\/bazilikabudapest.hu\/en\/wp-json\/wp\/v2\/comments?post=5677"}],"version-history":[{"count":11,"href":"https:\/\/bazilikabudapest.hu\/en\/wp-json\/wp\/v2\/pages\/5677\/revisions"}],"predecessor-version":[{"id":8085,"href":"https:\/\/bazilikabudapest.hu\/en\/wp-json\/wp\/v2\/pages\/5677\/revisions\/8085"}],"wp:featuredmedia":[{"embeddable":true,"href":"https:\/\/bazilikabudapest.hu\/en\/wp-json\/wp\/v2\/media\/6478"}],"wp:attachment":[{"href":"https:\/\/bazilikabudapest.hu\/en\/wp-json\/wp\/v2\/media?parent=5677"}],"curies":[{"name":"wp","href":"https:\/\/api.w.org\/{rel}","templated":true}]}}