{"id":5679,"date":"2024-05-08T13:29:31","date_gmt":"2024-05-08T11:29:31","guid":{"rendered":"https:\/\/bazilikabudapest.hu\/?page_id=5679"},"modified":"2025-02-19T10:07:22","modified_gmt":"2025-02-19T09:07:22","slug":"bazilika-nevezetessegei","status":"publish","type":"page","link":"https:\/\/bazilikabudapest.hu\/en\/bazilika-nevezetessegei\/","title":{"rendered":"The sights of Basilica"},"content":{"rendered":"<div data-elementor-type=\"wp-page\" data-elementor-id=\"5679\" class=\"elementor elementor-5679\">\n\t\t\t\t<div class=\"elementor-element elementor-element-2663580 e-flex e-con-boxed e-con e-parent\" data-id=\"2663580\" data-element_type=\"container\" data-e-type=\"container\">\n\t\t\t\t\t<div class=\"e-con-inner\">\n\t\t\t\t<div class=\"elementor-element elementor-element-99eaf59 elementor-widget elementor-widget-panric-blog-widget\" data-id=\"99eaf59\" data-element_type=\"widget\" data-e-type=\"widget\" data-widget_type=\"panric-blog-widget.default\">\n\t\t\t\t<div class=\"elementor-widget-container\">\n\t\t\t\t\t<div class=\"ric-article-list\"><div class=\"ric-post-listing ric-style-3 ric-light ric-align-left\"><div class=\"ric-grid ric-grid-2 ric-spacing-20\"><div class=\"ric-grid-col\"><div class=\"ric-item\"><div class=\"ric-image\"><a href=\"https:\/\/bazilikabudapest.hu\/en\/2025\/01\/29\/templomter\/\"><img fetchpriority=\"high\" decoding=\"async\" width=\"960\" height=\"660\" src=\"https:\/\/bazilikabudapest.hu\/wp-content\/uploads\/2023\/10\/Light_icon.png\" class=\"attachment-panric-post-5 size-panric-post-5 ric-lazy-load wp-post-image\" alt=\"\" data-src=\"https:\/\/bazilikabudapest.hu\/wp-content\/uploads\/2023\/10\/Light_icon.png\" data-srcset=\"https:\/\/bazilikabudapest.hu\/wp-content\/uploads\/2023\/10\/Light_icon.png 424w, https:\/\/bazilikabudapest.hu\/wp-content\/uploads\/2023\/10\/Light_icon-300x92.png 300w, https:\/\/bazilikabudapest.hu\/wp-content\/uploads\/2023\/10\/Light_icon-415x127.png 415w, https:\/\/bazilikabudapest.hu\/wp-content\/uploads\/2023\/10\/Light_icon-250x77.png 250w\" data-sizes=\"(max-width: 960px) 100vw, 960px\" \/><\/a><\/div><div class=\"ric-content\"><div class=\"ric-content-inner\"><div class=\"ric-post-header\"><div class=\"ric-title\"><a href=\"https:\/\/bazilikabudapest.hu\/en\/2025\/01\/29\/templomter\/\">Churchall<\/a><\/div><\/div><\/div><\/div><\/div><\/div><div class=\"ric-grid-col\"><div class=\"ric-item\"><div class=\"ric-image\"><a href=\"https:\/\/bazilikabudapest.hu\/en\/2025\/01\/29\/kincstar-2\/\"><img decoding=\"async\" width=\"960\" height=\"660\" src=\"https:\/\/bazilikabudapest.hu\/wp-content\/uploads\/2023\/10\/Light_icon.png\" class=\"attachment-panric-post-5 size-panric-post-5 ric-lazy-load wp-post-image\" alt=\"\" data-src=\"https:\/\/bazilikabudapest.hu\/wp-content\/uploads\/2023\/10\/Light_icon.png\" data-srcset=\"https:\/\/bazilikabudapest.hu\/wp-content\/uploads\/2023\/10\/Light_icon.png 424w, https:\/\/bazilikabudapest.hu\/wp-content\/uploads\/2023\/10\/Light_icon-300x92.png 300w, https:\/\/bazilikabudapest.hu\/wp-content\/uploads\/2023\/10\/Light_icon-415x127.png 415w, https:\/\/bazilikabudapest.hu\/wp-content\/uploads\/2023\/10\/Light_icon-250x77.png 250w\" data-sizes=\"(max-width: 960px) 100vw, 960px\" \/><\/a><\/div><div class=\"ric-content\"><div class=\"ric-content-inner\"><div class=\"ric-post-header\"><div class=\"ric-title\"><a href=\"https:\/\/bazilikabudapest.hu\/en\/2025\/01\/29\/kincstar-2\/\">Treasury<\/a><\/div><\/div><\/div><\/div><\/div><\/div><div class=\"ric-grid-col\"><div class=\"ric-item\"><div class=\"ric-image\"><a href=\"https:\/\/bazilikabudapest.hu\/en\/2025\/02\/17\/kincstar-3\/\"><img decoding=\"async\" width=\"960\" height=\"660\" src=\"https:\/\/bazilikabudapest.hu\/wp-content\/uploads\/2023\/10\/Light_icon.png\" class=\"attachment-panric-post-5 size-panric-post-5 ric-lazy-load wp-post-image\" alt=\"\" data-src=\"https:\/\/bazilikabudapest.hu\/wp-content\/uploads\/2023\/10\/Light_icon.png\" \/><\/a><\/div><div class=\"ric-content\"><div class=\"ric-content-inner\"><div class=\"ric-post-header\"><div class=\"ric-title\"><a href=\"https:\/\/bazilikabudapest.hu\/en\/2025\/02\/17\/kincstar-3\/\">Panoramic terrace<\/a><\/div><\/div><\/div><\/div><\/div><\/div><\/div><\/div><\/div>\t\t\t\t<\/div>\n\t\t\t\t<\/div>\n\t\t\t\t\t<\/div>\n\t\t\t\t<\/div>\n\t\t\t\t<\/div>","protected":false},"excerpt":{"rendered":"<p>Templomt\u00e9rKincst\u00e1rKincst\u00e1rMARTOS LEVENTE BAL\u00c1ZS ATYA P\u00dcSP\u00d6KK\u00c9 SZENTEL\u00c9SE &#8211; 2023.03.04.KINCST\u00c1R<\/p>","protected":false},"author":1,"featured_media":5010,"parent":0,"menu_order":0,"comment_status":"closed","ping_status":"closed","template":"","meta":{"_price":"","_stock":"","_tribe_ticket_header":"","_tribe_default_ticket_provider":"","_tribe_ticket_capacity":"0","_ticket_start_date":"","_ticket_end_date":"","_tribe_ticket_show_description":"","_tribe_ticket_show_not_going":false,"_tribe_ticket_use_global_stock":"","_tribe_ticket_global_stock_level":"","_global_stock_mode":"","_global_stock_cap":"","_tribe_rsvp_for_event":"","_tribe_ticket_going_count":"","_tribe_ticket_not_going_count":"","_tribe_tickets_list":"[]","_tribe_ticket_has_attendee_info_fields":false,"footnotes":"","_tec_slr_enabled":"","_tec_slr_layout":""},"class_list":["post-5679","page","type-page","status-publish","has-post-thumbnail","hentry"],"ticketed":false,"_links":{"self":[{"href":"https:\/\/bazilikabudapest.hu\/en\/wp-json\/wp\/v2\/pages\/5679","targetHints":{"allow":["GET"]}}],"collection":[{"href":"https:\/\/bazilikabudapest.hu\/en\/wp-json\/wp\/v2\/pages"}],"about":[{"href":"https:\/\/bazilikabudapest.hu\/en\/wp-json\/wp\/v2\/types\/page"}],"author":[{"embeddable":true,"href":"https:\/\/bazilikabudapest.hu\/en\/wp-json\/wp\/v2\/users\/1"}],"replies":[{"embeddable":true,"href":"https:\/\/bazilikabudapest.hu\/en\/wp-json\/wp\/v2\/comments?post=5679"}],"version-history":[{"count":51,"href":"https:\/\/bazilikabudapest.hu\/en\/wp-json\/wp\/v2\/pages\/5679\/revisions"}],"predecessor-version":[{"id":8093,"href":"https:\/\/bazilikabudapest.hu\/en\/wp-json\/wp\/v2\/pages\/5679\/revisions\/8093"}],"wp:featuredmedia":[{"embeddable":true,"href":"https:\/\/bazilikabudapest.hu\/en\/wp-json\/wp\/v2\/media\/5010"}],"wp:attachment":[{"href":"https:\/\/bazilikabudapest.hu\/en\/wp-json\/wp\/v2\/media?parent=5679"}],"curies":[{"name":"wp","href":"https:\/\/api.w.org\/{rel}","templated":true}]}}