{"id":7685,"date":"2025-01-23T11:10:19","date_gmt":"2025-01-23T10:10:19","guid":{"rendered":"https:\/\/bazilikabudapest.hu\/?page_id=7685"},"modified":"2025-01-23T11:11:27","modified_gmt":"2025-01-23T10:11:27","slug":"aktualis-kiallitasok","status":"publish","type":"page","link":"https:\/\/bazilikabudapest.hu\/en\/aktualis-kiallitasok\/","title":{"rendered":"Current exhibitions"},"content":{"rendered":"<div data-elementor-type=\"wp-page\" data-elementor-id=\"7685\" class=\"elementor elementor-7685\">\n\t\t\t\t<div class=\"elementor-element elementor-element-629b688 e-con-full e-flex e-con e-parent\" data-id=\"629b688\" data-element_type=\"container\" data-e-type=\"container\">\n\t\t\t\t<div class=\"elementor-element elementor-element-3a42b1e elementor-widget elementor-widget-heading\" data-id=\"3a42b1e\" data-element_type=\"widget\" data-e-type=\"widget\" data-widget_type=\"heading.default\">\n\t\t\t\t<div class=\"elementor-widget-container\">\n\t\t\t\t\t<h2 class=\"elementor-heading-title elementor-size-default\">Jelenleg nincsenek aktu\u00e1lis ki\u00e1ll\u00edt\u00e1sok<\/h2>\t\t\t\t<\/div>\n\t\t\t\t<\/div>\n\t\t\t\t<\/div>\n\t\t\t\t<\/div>","protected":false},"excerpt":{"rendered":"<p>Jelenleg nincsenek aktu\u00e1lis ki\u00e1ll\u00edt\u00e1sok<\/p>","protected":false},"author":1,"featured_media":0,"parent":0,"menu_order":0,"comment_status":"closed","ping_status":"closed","template":"","meta":{"_price":"","_stock":"","_tribe_ticket_header":"","_tribe_default_ticket_provider":"","_tribe_ticket_capacity":"0","_ticket_start_date":"","_ticket_end_date":"","_tribe_ticket_show_description":"","_tribe_ticket_show_not_going":false,"_tribe_ticket_use_global_stock":"","_tribe_ticket_global_stock_level":"","_global_stock_mode":"","_global_stock_cap":"","_tribe_rsvp_for_event":"","_tribe_ticket_going_count":"","_tribe_ticket_not_going_count":"","_tribe_tickets_list":"[]","_tribe_ticket_has_attendee_info_fields":false,"footnotes":"","_tec_slr_enabled":"","_tec_slr_layout":""},"class_list":["post-7685","page","type-page","status-publish","hentry"],"ticketed":false,"_links":{"self":[{"href":"https:\/\/bazilikabudapest.hu\/en\/wp-json\/wp\/v2\/pages\/7685","targetHints":{"allow":["GET"]}}],"collection":[{"href":"https:\/\/bazilikabudapest.hu\/en\/wp-json\/wp\/v2\/pages"}],"about":[{"href":"https:\/\/bazilikabudapest.hu\/en\/wp-json\/wp\/v2\/types\/page"}],"author":[{"embeddable":true,"href":"https:\/\/bazilikabudapest.hu\/en\/wp-json\/wp\/v2\/users\/1"}],"replies":[{"embeddable":true,"href":"https:\/\/bazilikabudapest.hu\/en\/wp-json\/wp\/v2\/comments?post=7685"}],"version-history":[{"count":4,"href":"https:\/\/bazilikabudapest.hu\/en\/wp-json\/wp\/v2\/pages\/7685\/revisions"}],"predecessor-version":[{"id":7689,"href":"https:\/\/bazilikabudapest.hu\/en\/wp-json\/wp\/v2\/pages\/7685\/revisions\/7689"}],"wp:attachment":[{"href":"https:\/\/bazilikabudapest.hu\/en\/wp-json\/wp\/v2\/media?parent=7685"}],"curies":[{"name":"wp","href":"https:\/\/api.w.org\/{rel}","templated":true}]}}