{"id":9276,"date":"2025-11-21T15:12:07","date_gmt":"2025-11-21T14:12:07","guid":{"rendered":"https:\/\/bazilikabudapest.hu\/?page_id=9276"},"modified":"2025-11-22T10:00:32","modified_gmt":"2025-11-22T09:00:32","slug":"bazilika120","status":"publish","type":"page","link":"https:\/\/bazilikabudapest.hu\/en\/bazilika120\/","title":{"rendered":"BAZILIKA120"},"content":{"rendered":"<p><\/p>\n\n\n\n<p>Az 1816-ban l\u00e9trehozott lip\u00f3tv\u00e1rosi egyh\u00e1z sz\u00e1m\u00e1ra, egy \u00e9vvel k\u00e9s\u0151bb, 1817-ben \u00e9p\u00fclt meg az els\u0151 templom, Szent Lip\u00f3t tisztelet\u00e9re. A kis templom az 1838-as \u00e1rv\u00edz idej\u00e9n s\u00falyosan megrong\u00e1l\u00f3dott, haszn\u00e1lhatatlann\u00e1 v\u00e1lt. Sokan az \u00e1rv\u00edz el\u0151l menek\u00fclve, ezen a ter\u00fcleten tal\u00e1ltak mened\u00e9ket, az \u00e1r elvonulta ut\u00e1n pedig gy\u0171jt\u00e9st rendeztek egy \u00faj, k\u00e1pr\u00e1zatos templom \u00e9p\u00edt\u00e9s\u00e9re.<\/p>\n\n\n\n<p>1844-ben m\u00e1r J\u00f3zsef n\u00e1dor is az \u00faj templom \u00fcgye mell\u00e9 \u00e1llt, melyet v\u00e9g\u00fcl 1851-ben kezdtek \u00e9p\u00edteni, Hild J\u00f3zsef tervei alapj\u00e1n. A bazilika arculat\u00e1n Hild J\u00f3zsef mellett Ybl Mikl\u00f3s neorenesz\u00e1nsz elemei, illetve a bels\u0151 t\u00e9rben Kauser J\u00f3zsef munk\u00e1ja l\u00e1that\u00f3.<\/p>\n\n\n\n<p>1897-t\u0151l a templom titulusa Szent Lip\u00f3tr\u00f3l Szent Istv\u00e1nra v\u00e1ltozott.<\/p>\n\n\n\n<p>A t\u00f6bb, mint \u00f6tven \u00e9vig tart\u00f3 \u00e9p\u00edt\u00e9st k\u00f6vet\u0151en, v\u00e9g\u00fcl 1905. november 19-\u00e9n szentelt\u00e9k fel a Bazilik\u00e1t, \u00e1m a z\u00e1r\u00f3k\u00f6vet csak 1906-ban, I. Ferenc J\u00f3zsef cs\u00e1sz\u00e1r jelenl\u00e9t\u00e9ben helyezt\u00e9k el.<\/p>\n\n\n\n<p>A templomba K\u00e9t egyh\u00e1zf\u0151 is ell\u00e1togatott. II. J\u00e1nos P\u00e1l p\u00e1pa 1991. augusztus 20-\u00e1n a Szent Istv\u00e1n Bazilik\u00e1ban tal\u00e1lkozott az id\u0151sekkel \u00e9s betegekkel, 2023. \u00e1prilis 28-\u00e1n pedig itt tal\u00e1lkozott Ferenc p\u00e1pa a p\u00fcsp\u00f6k\u00f6kkel, papokkal, diak\u00f3nusokkal, szerzetesekkel, papn\u00f6vend\u00e9kekkel \u00e9s lelkip\u00e1sztori munkat\u00e1rsakkal.<\/p>\n\n\n\n<div class=\"wp-block-buttons is-content-justification-center is-layout-flex wp-container-core-buttons-is-layout-16018d1d wp-block-buttons-is-layout-flex\">\n<div class=\"wp-block-button has-custom-width wp-block-button__width-50\"><a class=\"wp-block-button__link has-white-color has-luminous-vivid-amber-background-color has-text-color has-background has-link-color wp-element-button\" href=\"https:\/\/bazilikabudapest.hu\/en\/\" rel=\"https:\/\/bazilikabudapest.hu\">F\u0150OLDAL<\/a><\/div>\n\n\n\n<div class=\"wp-block-button has-custom-width wp-block-button__width-50\"><a class=\"wp-block-button__link has-white-color has-luminous-vivid-amber-background-color has-text-color has-background has-link-color has-text-align-center wp-element-button\" href=\"https:\/\/www.bazilika.jegy.eu\" rel=\"https:\/\/www.bazilika.jegy.eu\">JEGYV\u00c1S\u00c1RL\u00c1S<\/a><\/div>\n<\/div>","protected":false},"excerpt":{"rendered":"<p>Az 1816-ban l\u00e9trehozott lip\u00f3tv\u00e1rosi egyh\u00e1z sz\u00e1m\u00e1ra, egy \u00e9vvel k\u00e9s\u0151bb, 1817-ben \u00e9p\u00fclt meg az els\u0151 templom, Szent Lip\u00f3t tisztelet\u00e9re. A kis templom az 1838-as \u00e1rv\u00edz idej\u00e9n s\u00falyosan megrong\u00e1l\u00f3dott, haszn\u00e1lhatatlann\u00e1 v\u00e1lt. Sokan az \u00e1rv\u00edz el\u0151l menek\u00fclve, ezen a ter\u00fcleten tal\u00e1ltak mened\u00e9ket, az \u00e1r elvonulta ut\u00e1n pedig gy\u0171jt\u00e9st rendeztek egy \u00faj, k\u00e1pr\u00e1zatos templom \u00e9p\u00edt\u00e9s\u00e9re. 1844-ben m\u00e1r J\u00f3zsef n\u00e1dor is az \u00faj templom \u00fcgye mell\u00e9 \u00e1llt, melyet v\u00e9g\u00fcl 1851-ben kezdtek \u00e9p\u00edteni, Hild J\u00f3zsef tervei alapj\u00e1n. A bazilika arculat\u00e1n Hild J\u00f3zsef mellett Ybl Mikl\u00f3s neorenesz\u00e1nsz elemei, illetve a bels\u0151 t\u00e9rben Kauser J\u00f3zsef munk\u00e1ja l\u00e1that\u00f3. 1897-t\u0151l&#8230;<\/p>","protected":false},"author":7,"featured_media":9278,"parent":0,"menu_order":0,"comment_status":"closed","ping_status":"closed","template":"","meta":{"_price":"","_stock":"","_tribe_ticket_header":"","_tribe_default_ticket_provider":"","_tribe_ticket_capacity":"0","_ticket_start_date":"","_ticket_end_date":"","_tribe_ticket_show_description":"","_tribe_ticket_show_not_going":false,"_tribe_ticket_use_global_stock":"","_tribe_ticket_global_stock_level":"","_global_stock_mode":"","_global_stock_cap":"","_tribe_rsvp_for_event":"","_tribe_ticket_going_count":"","_tribe_ticket_not_going_count":"","_tribe_tickets_list":"[]","_tribe_ticket_has_attendee_info_fields":false,"footnotes":"","_tec_slr_enabled":"","_tec_slr_layout":""},"class_list":["post-9276","page","type-page","status-publish","has-post-thumbnail","hentry"],"ticketed":false,"_links":{"self":[{"href":"https:\/\/bazilikabudapest.hu\/en\/wp-json\/wp\/v2\/pages\/9276","targetHints":{"allow":["GET"]}}],"collection":[{"href":"https:\/\/bazilikabudapest.hu\/en\/wp-json\/wp\/v2\/pages"}],"about":[{"href":"https:\/\/bazilikabudapest.hu\/en\/wp-json\/wp\/v2\/types\/page"}],"author":[{"embeddable":true,"href":"https:\/\/bazilikabudapest.hu\/en\/wp-json\/wp\/v2\/users\/7"}],"replies":[{"embeddable":true,"href":"https:\/\/bazilikabudapest.hu\/en\/wp-json\/wp\/v2\/comments?post=9276"}],"version-history":[{"count":7,"href":"https:\/\/bazilikabudapest.hu\/en\/wp-json\/wp\/v2\/pages\/9276\/revisions"}],"predecessor-version":[{"id":9285,"href":"https:\/\/bazilikabudapest.hu\/en\/wp-json\/wp\/v2\/pages\/9276\/revisions\/9285"}],"wp:featuredmedia":[{"embeddable":true,"href":"https:\/\/bazilikabudapest.hu\/en\/wp-json\/wp\/v2\/media\/9278"}],"wp:attachment":[{"href":"https:\/\/bazilikabudapest.hu\/en\/wp-json\/wp\/v2\/media?parent=9276"}],"curies":[{"name":"wp","href":"https:\/\/api.w.org\/{rel}","templated":true}]}}