{"id":9296,"date":"2025-11-30T20:47:42","date_gmt":"2025-11-30T19:47:42","guid":{"rendered":"https:\/\/bazilikabudapest.hu\/?page_id=9296"},"modified":"2026-03-09T12:30:51","modified_gmt":"2026-03-09T11:30:51","slug":"jegyarak","status":"publish","type":"page","link":"https:\/\/bazilikabudapest.hu\/en\/jegyarak\/","title":{"rendered":"Ticket prices"},"content":{"rendered":"<p>Ticket purchase in the ticket office next to the Basilica or&nbsp;<a href=\"https:\/\/www.bazilika.jegy.eu\/\">online<\/a><\/p>\n\n\n\n<p>All individual and group visitors are required to purchase an entry ticket, which is checked at the entrance.&nbsp;<\/p>\n\n\n\n<p>We would like to kindly inform our visitors, during weekends - due to the wedding ceremonies- the visit in the church hall could be limited.&nbsp;&nbsp;<\/p>\n\n\n\n<p>K\u00e9rj\u00fck az iskolai csoportok szervez\u0151it, l\u00e1togat\u00e1s el\u0151tt vegy\u00e9k fel a kapcsolatot a turisztikai irod\u00e1val a <a href=\"mailto:turizmus@basilica.hu\">turizmus@basilica.hu<\/a>&nbsp;address.<\/p>\n\n\n\n<p>Discounted tickets ( student, senior, official religious person, disabled person) can be remeed at the ticket office of the Basilica, upon presentation of a valid ID entitling to the discount.<\/p>\n\n\n\n<figure class=\"wp-block-image alignfull size-large\"><img decoding=\"async\" src=\"https:\/\/bazilikabudapest.hu\/wp-content\/uploads\/2026\/03\/FINAL-Szent-Istvan-Bazilika-20251124-Jegypenztar-Arlista-B1-707-x-1000-Eng-1-scaled.jpg\" alt=\"\"\/><\/figure>\n\n\n\n<figure class=\"wp-block-image alignfull size-large\"><img fetchpriority=\"high\" decoding=\"async\" width=\"724\" height=\"1024\" src=\"https:\/\/bazilikabudapest.hu\/wp-content\/uploads\/2025\/03\/Idvez-arak-uj-2025.EN_.png\" alt=\"\" class=\"wp-image-9298\" srcset=\"https:\/\/bazilikabudapest.hu\/wp-content\/uploads\/2025\/03\/Idvez-arak-uj-2025.EN_.png 1414w, https:\/\/bazilikabudapest.hu\/wp-content\/uploads\/2025\/03\/Idvez-arak-uj-2025.EN_-212x300.png 212w, https:\/\/bazilikabudapest.hu\/wp-content\/uploads\/2025\/03\/Idvez-arak-uj-2025.EN_-724x1024.png 724w, https:\/\/bazilikabudapest.hu\/wp-content\/uploads\/2025\/03\/Idvez-arak-uj-2025.EN_-768x1086.png 768w, https:\/\/bazilikabudapest.hu\/wp-content\/uploads\/2025\/03\/Idvez-arak-uj-2025.EN_-1086x1536.png 1086w, https:\/\/bazilikabudapest.hu\/wp-content\/uploads\/2025\/03\/Idvez-arak-uj-2025.EN_-8x12.png 8w, https:\/\/bazilikabudapest.hu\/wp-content\/uploads\/2025\/03\/Idvez-arak-uj-2025.EN_-415x587.png 415w, https:\/\/bazilikabudapest.hu\/wp-content\/uploads\/2025\/03\/Idvez-arak-uj-2025.EN_-650x919.png 650w, https:\/\/bazilikabudapest.hu\/wp-content\/uploads\/2025\/03\/Idvez-arak-uj-2025.EN_-250x354.png 250w\" sizes=\"(max-width: 724px) 100vw, 724px\" \/><\/figure>","protected":false},"excerpt":{"rendered":"<p>Jegyv\u00e1s\u00e1rl\u00e1s a Bazilika mellett tal\u00e1lhat\u00f3 jegyirod\u00e1ban vagy&nbsp;online Minden egy\u00e9ni \u00e9s csoportos l\u00e1togat\u00f3 bel\u00e9p\u0151jegy megv\u00e1s\u00e1rl\u00e1s\u00e1ra k\u00f6teles, amelyet a bej\u00e1ratn\u00e1l ellen\u0151riznek.&nbsp; Felh\u00edvjuk kedves l\u00e1togat\u00f3ink figyelm\u00e9t, hogy h\u00e9tv\u00e9genk\u00e9nt esk\u00fcv\u0151i szertart\u00e1sok miatt a templomt\u00e9r l\u00e1togat\u00e1s\u00e1ban korl\u00e1toz\u00e1sokra lehet sz\u00e1m\u00edtani.&nbsp;&nbsp; K\u00e9rj\u00fck az iskolai csoportok szervez\u0151it, l\u00e1togat\u00e1s el\u0151tt vegy\u00e9k fel a kapcsolatot a turisztikai irod\u00e1val a turizmus@basilica.hu&nbsp;c\u00edmen. Kedvezm\u00e9nyes jegyv\u00e1s\u00e1rl\u00e1sra ( di\u00e1k, nyugd\u00edjas, egyh\u00e1zi szem\u00e9ly, mozg\u00e1skorl\u00e1tozott) csak a jegyirod\u00e1ban van lehet\u0151s\u00e9g a kedvezm\u00e9nyre jogos\u00edt\u00f3 k\u00e1rtya bemutat\u00e1s\u00e1val.<\/p>","protected":false},"author":7,"featured_media":9297,"parent":0,"menu_order":0,"comment_status":"closed","ping_status":"closed","template":"","meta":{"_price":"","_stock":"","_tribe_ticket_header":"","_tribe_default_ticket_provider":"","_tribe_ticket_capacity":"0","_ticket_start_date":"","_ticket_end_date":"","_tribe_ticket_show_description":"","_tribe_ticket_show_not_going":false,"_tribe_ticket_use_global_stock":"","_tribe_ticket_global_stock_level":"","_global_stock_mode":"","_global_stock_cap":"","_tribe_rsvp_for_event":"","_tribe_ticket_going_count":"","_tribe_ticket_not_going_count":"","_tribe_tickets_list":"[]","_tribe_ticket_has_attendee_info_fields":false,"footnotes":"","_tec_slr_enabled":"","_tec_slr_layout":""},"class_list":["post-9296","page","type-page","status-publish","has-post-thumbnail","hentry"],"ticketed":false,"_links":{"self":[{"href":"https:\/\/bazilikabudapest.hu\/en\/wp-json\/wp\/v2\/pages\/9296","targetHints":{"allow":["GET"]}}],"collection":[{"href":"https:\/\/bazilikabudapest.hu\/en\/wp-json\/wp\/v2\/pages"}],"about":[{"href":"https:\/\/bazilikabudapest.hu\/en\/wp-json\/wp\/v2\/types\/page"}],"author":[{"embeddable":true,"href":"https:\/\/bazilikabudapest.hu\/en\/wp-json\/wp\/v2\/users\/7"}],"replies":[{"embeddable":true,"href":"https:\/\/bazilikabudapest.hu\/en\/wp-json\/wp\/v2\/comments?post=9296"}],"version-history":[{"count":10,"href":"https:\/\/bazilikabudapest.hu\/en\/wp-json\/wp\/v2\/pages\/9296\/revisions"}],"predecessor-version":[{"id":10216,"href":"https:\/\/bazilikabudapest.hu\/en\/wp-json\/wp\/v2\/pages\/9296\/revisions\/10216"}],"wp:featuredmedia":[{"embeddable":true,"href":"https:\/\/bazilikabudapest.hu\/en\/wp-json\/wp\/v2\/media\/9297"}],"wp:attachment":[{"href":"https:\/\/bazilikabudapest.hu\/en\/wp-json\/wp\/v2\/media?parent=9296"}],"curies":[{"name":"wp","href":"https:\/\/api.w.org\/{rel}","templated":true}]}}